{"id":757,"date":"2025-04-10T11:29:47","date_gmt":"2025-04-10T11:29:47","guid":{"rendered":"https:\/\/www.daiken.hr\/foerderer-mit-hoher-kapazitaet\/"},"modified":"2025-05-09T10:04:44","modified_gmt":"2025-05-09T10:04:44","slug":"foerderer-mit-hoher-kapazitaet","status":"publish","type":"page","link":"https:\/\/www.daiken.hr\/de\/foerderer-mit-hoher-kapazitaet\/","title":{"rendered":"F\u00f6rdertechnik mit hoher Leistung"},"content":{"rendered":"\t\t<div data-elementor-type=\"wp-page\" data-elementor-id=\"757\" class=\"elementor elementor-757 elementor-24\" data-elementor-post-type=\"page\">\n\t\t\t\t<div class=\"elementor-element elementor-element-49c4c58 e-flex e-con-boxed e-con e-parent\" data-id=\"49c4c58\" data-element_type=\"container\" data-settings=\"{&quot;background_background&quot;:&quot;classic&quot;}\">\n\t\t\t\t\t<div class=\"e-con-inner\">\n\t\t<div class=\"elementor-element elementor-element-3444b88 e-con-full e-flex e-con e-child\" data-id=\"3444b88\" data-element_type=\"container\">\n\t\t<div class=\"elementor-element elementor-element-bbfd758 e-con-full e-flex e-con e-child\" data-id=\"bbfd758\" data-element_type=\"container\">\n\t\t<div class=\"elementor-element elementor-element-da4574a e-con-full e-flex e-con e-child\" data-id=\"da4574a\" data-element_type=\"container\">\n\t\t\t\t<div class=\"elementor-element elementor-element-768ce42 elementor-widget elementor-widget-heading\" data-id=\"768ce42\" data-element_type=\"widget\" data-widget_type=\"heading.default\">\n\t\t\t\t<div class=\"elementor-widget-container\">\n\t\t\t\t\t<h1 class=\"elementor-heading-title elementor-size-default\">F\u00f6rdertechnik mit hoher Leistung<\/h1>\t\t\t\t<\/div>\n\t\t\t\t<\/div>\n\t\t\t\t<\/div>\n\t\t<div class=\"elementor-element elementor-element-d48fcef e-con-full e-flex e-con e-child\" data-id=\"d48fcef\" data-element_type=\"container\">\n\t\t\t\t<div class=\"elementor-element elementor-element-009e254 elementor-widget elementor-widget-text-editor\" data-id=\"009e254\" data-element_type=\"widget\" data-widget_type=\"text-editor.default\">\n\t\t\t\t<div class=\"elementor-widget-container\">\n\t\t\t\t\t\t\t\t\t<p>Mit Ausspeiseleistung von 250-500 t\/h f\u00fcr professionelle Zwecke mit Dauerbetrieb von 24\/7.<\/p>\n<p>F\u00fcr das F\u00fcllen von Bodenlagern sowie die Um- und Entladung von Schiffen und Lastkahnen.<\/p>\n\t\t\t\t\t\t\t\t<\/div>\n\t\t\t\t<\/div>\n\t\t\t\t<\/div>\n\t\t\t\t<\/div>\n\t\t\t\t<\/div>\n\t\t\t\t\t<\/div>\n\t\t\t\t<\/div>\n\t\t<div class=\"elementor-element elementor-element-ae17541 e-grid e-con-boxed e-con e-parent\" data-id=\"ae17541\" data-element_type=\"container\" data-settings=\"{&quot;background_background&quot;:&quot;classic&quot;}\">\n\t\t\t\t\t<div class=\"e-con-inner\">\n\t\t\t\t<div class=\"elementor-element elementor-element-f42cbbf elementor-view-framed elementor-shape-circle elementor-position-top elementor-mobile-position-top elementor-widget elementor-widget-icon-box\" data-id=\"f42cbbf\" data-element_type=\"widget\" data-widget_type=\"icon-box.default\">\n\t\t\t\t<div class=\"elementor-widget-container\">\n\t\t\t\t\t\t\t<div class=\"elementor-icon-box-wrapper\">\n\n\t\t\t\t\t\t<div class=\"elementor-icon-box-icon\">\n\t\t\t\t<span  class=\"elementor-icon\">\n\t\t\t\t<svg xmlns=\"http:\/\/www.w3.org\/2000\/svg\" xmlns:xlink=\"http:\/\/www.w3.org\/1999\/xlink\" id=\"Capa_1\" x=\"0px\" y=\"0px\" width=\"46.164px\" height=\"46.164px\" viewBox=\"0 0 46.164 46.164\" style=\"enable-background:new 0 0 46.164 46.164;\" xml:space=\"preserve\"><g>\t<path d=\"M45.153,40.657l-4.03-24.075c-0.379-2.27-2.345-3.929-4.646-3.929h-6.055c0.71-1.237,1.116-2.67,1.116-4.196   C31.538,3.794,27.745,0,23.081,0c-4.663,0-8.457,3.794-8.457,8.457c0,1.526,0.406,2.959,1.116,4.196H9.685   c-2.302,0-4.267,1.661-4.646,3.931L1.01,40.662c-0.229,1.365,0.156,2.77,1.051,3.826c0.896,1.057,2.21,1.676,3.596,1.676h34.852   c1.386,0,2.7-0.619,3.596-1.676C44.999,43.43,45.383,42.023,45.153,40.657z M23.082,4.927c1.946,0,3.53,1.584,3.53,3.531   c0,1.947-1.584,3.53-3.53,3.53c-1.947,0-3.531-1.584-3.531-3.531S21.135,4.927,23.082,4.927z\"><\/path><\/g><g><\/g><g><\/g><g><\/g><g><\/g><g><\/g><g><\/g><g><\/g><g><\/g><g><\/g><g><\/g><g><\/g><g><\/g><g><\/g><g><\/g><g><\/g><\/svg>\t\t\t\t<\/span>\n\t\t\t<\/div>\n\t\t\t\n\t\t\t\t\t\t<div class=\"elementor-icon-box-content\">\n\n\t\t\t\t\t\t\t\t\t<h3 class=\"elementor-icon-box-title\">\n\t\t\t\t\t\t<span  >\n\t\t\t\t\t\t\tRobust\t\t\t\t\t\t<\/span>\n\t\t\t\t\t<\/h3>\n\t\t\t\t\n\t\t\t\t\n\t\t\t<\/div>\n\t\t\t\n\t\t<\/div>\n\t\t\t\t\t\t<\/div>\n\t\t\t\t<\/div>\n\t\t\t\t<div class=\"elementor-element elementor-element-4e36ae2 elementor-view-framed elementor-shape-circle elementor-position-top elementor-mobile-position-top elementor-widget elementor-widget-icon-box\" data-id=\"4e36ae2\" data-element_type=\"widget\" data-widget_type=\"icon-box.default\">\n\t\t\t\t<div class=\"elementor-widget-container\">\n\t\t\t\t\t\t\t<div class=\"elementor-icon-box-wrapper\">\n\n\t\t\t\t\t\t<div class=\"elementor-icon-box-icon\">\n\t\t\t\t<span  class=\"elementor-icon\">\n\t\t\t\t<svg xmlns=\"http:\/\/www.w3.org\/2000\/svg\" id=\"Capa_1\" height=\"512\" viewBox=\"0 0 512 512\" width=\"512\"><g><path d=\"m511.231 432.007c-.305-.914-30.984-92.431-76.127-182.715-26.752-53.506-53.361-96.289-79.088-127.16-34.218-41.062-67.868-61.882-100.016-61.882s-65.798 20.82-100.016 61.882c-25.727 30.872-52.336 73.654-79.088 127.16-45.142 90.284-75.822 181.801-76.126 182.715-1.524 4.574-.758 9.602 2.062 13.514s7.347 6.229 12.168 6.229h482c4.821 0 9.35-2.318 12.169-6.229s3.586-8.94 2.062-13.514zm-375.731-40.507c-8.409 0-14.636-6.873-15-15-.363-8.101 7.154-15 15-15 8.409 0 14.636 6.873 15 15 .363 8.101-7.154 15-15 15zm30.125-84.75c-8.409 0-14.636-6.873-15-15-.363-8.101 7.154-15 15-15 8.409 0 14.636 6.873 15 15 .363 8.101-7.154 15-15 15zm30.125-96c-8.409 0-14.636-6.873-15-15-.363-8.101 7.154-15 15-15 8.409 0 14.636 6.873 15 15 .363 8.101-7.154 15-15 15zm30.125 150.625c-8.409 0-14.636-6.873-15-15-.363-8.101 7.154-15 15-15 8.409 0 14.636 6.873 15 15 .363 8.101-7.154 15-15 15zm30.125-120.5c-8.409 0-14.636-6.873-15-15-.363-8.101 7.154-15 15-15 8.409 0 14.636 6.873 15 15 .363 8.101-7.154 15-15 15zm30.125 60.25c-8.409 0-14.636-6.873-15-15-.363-8.101 7.154-15 15-15 8.409 0 14.636 6.873 15 15 .363 8.101-7.154 15-15 15zm0-120.5c-8.409 0-14.636-6.873-15-15-.363-8.101 7.154-15 15-15 8.409 0 14.636 6.873 15 15 .363 8.101-7.154 15-15 15zm30.125 214.75c-8.409 0-14.636-6.873-15-15-.363-8.101 7.154-15 15-15 8.409 0 14.636 6.873 15 15 .363 8.101-7.154 15-15 15zm30.125-64.125c-8.409 0-14.636-6.873-15-15-.363-8.101 7.154-15 15-15 8.409 0 14.636 6.873 15 15 .363 8.101-7.154 15-15 15zm0-85.5c-8.409 0-14.636-6.873-15-15-.363-8.101 7.154-15 15-15 8.409 0 14.636 6.873 15 15 .363 8.101-7.154 15-15 15zm60.25 145.75c-8.409 0-14.636-6.873-15-15-.363-8.101 7.154-15 15-15 8.409 0 14.636 6.873 15 15 .363 8.101-7.154 15-15 15z\"><\/path><\/g><\/svg>\t\t\t\t<\/span>\n\t\t\t<\/div>\n\t\t\t\n\t\t\t\t\t\t<div class=\"elementor-icon-box-content\">\n\n\t\t\t\t\t\t\t\t\t<h3 class=\"elementor-icon-box-title\">\n\t\t\t\t\t\t<span  >\n\t\t\t\t\t\t\tUniversell\t\t\t\t\t\t<\/span>\n\t\t\t\t\t<\/h3>\n\t\t\t\t\n\t\t\t\t\n\t\t\t<\/div>\n\t\t\t\n\t\t<\/div>\n\t\t\t\t\t\t<\/div>\n\t\t\t\t<\/div>\n\t\t\t\t<div class=\"elementor-element elementor-element-011e957 elementor-view-framed elementor-shape-circle elementor-position-top elementor-mobile-position-top elementor-widget elementor-widget-icon-box\" data-id=\"011e957\" data-element_type=\"widget\" data-widget_type=\"icon-box.default\">\n\t\t\t\t<div class=\"elementor-widget-container\">\n\t\t\t\t\t\t\t<div class=\"elementor-icon-box-wrapper\">\n\n\t\t\t\t\t\t<div class=\"elementor-icon-box-icon\">\n\t\t\t\t<span  class=\"elementor-icon\">\n\t\t\t\t<svg xmlns=\"http:\/\/www.w3.org\/2000\/svg\" id=\"Layer_1\" viewBox=\"0 0 512 512\" data-name=\"Layer 1\"><path d=\"m240.161 271.594c4.238 4.246 9.859 6.579 15.839 6.579s11.601-2.333 15.828-6.569c13.239-13.221 43.789-61.122 67.872-99.533-38.469 24.114-86.325 54.633-99.54 67.844-8.733 8.733-8.733 22.944 0 31.678zm15.839-31.349c8.561 0 15.51 6.978 15.51 15.51s-6.949 15.51-15.51 15.51-15.51-6.949-15.51-15.51 6.978-15.51 15.51-15.51zm-111.891 15.509c0 61.697 50.194 111.892 111.892 111.892s111.892-50.194 111.892-111.892c0-18.424-4.37-36.039-12.73-51.914-23.785 37.656-48.469 75.343-62.117 88.973-9.878 9.898-23.041 15.359-37.044 15.359-14.004 0-27.167-5.461-37.063-15.376-20.42-20.421-20.42-53.664.011-74.094 13.624-13.624 51.263-38.274 88.927-62.059-15.918-8.312-33.754-12.78-51.874-12.78-61.697 0-111.892 50.194-111.892 111.891zm64.417-47.474c-26.177 26.177-26.177 68.771 0 94.948 12.684 12.695 29.542 19.685 47.474 19.685s34.79-6.989 47.469-19.68c5.854-5.861 15.353-5.865 21.213-.01 5.861 5.855 5.865 15.353.01 21.213-18.346 18.363-42.742 28.477-68.692 28.477s-50.345-10.113-68.691-28.477c-18.341-18.341-28.445-42.734-28.445-68.682s10.104-50.341 28.45-68.687c5.857-5.858 15.355-5.858 21.213 0s5.858 15.355 0 21.213zm188.564 32.474c-2.502-23.387-10.811-45.916-24.11-65.309.602-.964 1.203-1.925 1.8-2.879 10.033-16.051 18.745-29.988 24.78-39.158l42.074-42.074c37.007 41.661 58.607 93.798 61.905 149.42h-106.448zm-18.883-128.419c-9.124 5.99-22.89 14.593-38.725 24.487-1.044.652-2.096 1.31-3.151 1.969-23.524-16.135-51.657-24.928-80.331-24.928-73.173 0-133.582 55.678-141.099 126.891h-106.439c3.298-55.618 24.9-107.752 61.91-149.415l49.625 49.625c2.929 2.929 6.768 4.394 10.606 4.394s7.678-1.464 10.606-4.394c5.858-5.858 5.858-15.355 0-21.213l-49.623-49.623c41.666-36.993 93.799-58.585 149.414-61.882v70.16c0 8.284 6.716 15 15 15s15-6.716 15-15v-70.161c55.621 3.296 107.756 24.887 149.418 61.878l-42.211 42.211zm125.793 158.419v15.99c0 2.43-1.26 4.686-3.33 5.96l-31.728 19.54-22.425 54.156 8.623 36.232c.562 2.365-.142 4.852-1.86 6.57l-43.831 43.832c-1.719 1.719-4.205 2.423-6.569 1.86l-36.261-8.623-54.128 22.424-19.541 31.729c-1.274 2.069-3.53 3.329-5.96 3.329h-61.98c-2.43 0-4.686-1.26-5.96-3.33l-19.54-31.729-54.128-22.424-36.261 8.623c-2.365.563-4.853-.143-6.571-1.862l-43.802-43.832c-1.718-1.719-2.421-4.205-1.858-6.569l8.622-36.23-22.452-54.157-31.729-19.541c-2.069-1.274-3.329-3.53-3.329-5.96v-15.99h106.901c7.517 71.214 67.926 126.892 141.099 126.892s133.582-55.678 141.099-126.892h106.901z\"><\/path><\/svg>\t\t\t\t<\/span>\n\t\t\t<\/div>\n\t\t\t\n\t\t\t\t\t\t<div class=\"elementor-icon-box-content\">\n\n\t\t\t\t\t\t\t\t\t<h3 class=\"elementor-icon-box-title\">\n\t\t\t\t\t\t<span  >\n\t\t\t\t\t\t\tVielseitig\t\t\t\t\t\t<\/span>\n\t\t\t\t\t<\/h3>\n\t\t\t\t\n\t\t\t\t\n\t\t\t<\/div>\n\t\t\t\n\t\t<\/div>\n\t\t\t\t\t\t<\/div>\n\t\t\t\t<\/div>\n\t\t\t\t<div class=\"elementor-element elementor-element-99c68da elementor-view-framed elementor-shape-circle elementor-position-top elementor-mobile-position-top elementor-widget elementor-widget-icon-box\" data-id=\"99c68da\" data-element_type=\"widget\" data-widget_type=\"icon-box.default\">\n\t\t\t\t<div class=\"elementor-widget-container\">\n\t\t\t\t\t\t\t<div class=\"elementor-icon-box-wrapper\">\n\n\t\t\t\t\t\t<div class=\"elementor-icon-box-icon\">\n\t\t\t\t<span  class=\"elementor-icon\">\n\t\t\t\t<svg xmlns=\"http:\/\/www.w3.org\/2000\/svg\" id=\"Layer_1\" viewBox=\"0 0 66 66\"><g><path d=\"m35.1 41.6-2.5-3.1c.6-1 1.1-2.2 1.4-3.3l3.9-.4c.5-.1.9-.5.9-1v-4.9c0-.5-.4-.9-.9-1l-3.9-.5c-.3-1.2-.8-2.3-1.4-3.4l2.5-3.1c.3-.4.3-1-.1-1.3l-3.5-3.4c-.4-.4-.9-.4-1.3-.1l-3.1 2.5c-1-.6-2.2-1.1-3.3-1.4l-.4-3.9c-.1-.5-.5-.9-1-.9h-4.9c-.5 0-.9.4-1 .9l-.5 3.9c-1.2.3-2.3.8-3.4 1.4l-3.1-2.5c-.4-.3-1-.3-1.3.1l-3.4 3.4c-.4.4-.4.9-.1 1.3l2.6 3.1c-.6 1.1-1.1 2.2-1.4 3.4l-3.9.5c-.5.1-.9.5-.9 1v4.9c0 .5.4.9.9 1l3.9.4c.3 1.2.8 2.3 1.4 3.3l-2.5 3.1c-.3.4-.3 1 .1 1.3l3.4 3.5c.4.4.9.4 1.3.1l3.1-2.5c1.1.6 2.2 1.1 3.4 1.4l.5 3.9c0 .5.5.9 1 .9h4.9c.5 0 .9-.4 1-.9l.4-3.9c1.2-.3 2.3-.8 3.3-1.4l3.1 2.5c.4.3 1 .3 1.3-.1l3.5-3.5c.3-.3.4-.9 0-1.3zm-15.1-4.5c-3.3 0-6-2.7-6-6s2.7-6 6-6 6 2.7 6 6-2.7 6-6 6z\"><\/path><path d=\"m64.1 45.7-3.3-.4c-.3-.9-.6-1.8-1.1-2.7l2-2.6c.3-.4.3-1-.1-1.3l-2.9-2.9c-.4-.4-.9-.4-1.3-.1l-2.6 2c-.8-.5-1.8-.8-2.7-1.1l-.4-3.3c-.1-.5-.5-.9-1-.9h-4.1c-.5 0-.9.4-1 .9l-.4 3.3c-.9.3-1.8.6-2.7 1.1l-2.6-2c-.4-.3-1-.3-1.3.1l-2.9 2.9c-.4.4-.4.9-.1 1.3l2 2.6c-.5.9-.9 1.8-1.1 2.7l-3.3.4c-.5 0-.9.5-.9 1v4.2c0 .5.4.9.9 1l3.3.4c.3.9.6 1.8 1.1 2.7l-2 2.6c-.3.4-.3 1 .1 1.3l2.9 2.9c.4.4.9.4 1.3.1l2.6-2c.9.5 1.8.8 2.7 1.1l.4 3.2c.1.5.5.9 1 .9h4.1c.5 0 .9-.4 1-.9l.4-3.2c.9-.3 1.8-.6 2.7-1.1l2.6 2c.4.3 1 .3 1.3-.1l2.9-2.9c.4-.4.4-.9.1-1.3l-2-2.6c.5-.9.8-1.8 1.1-2.7l3.3-.4c.5-.1.9-.5.9-1v-4.2c0-.5-.4-1-.9-1zm-15.4 7.8c-2.8 0-5-2.3-5-5 0-2.8 2.2-5 5-5s5 2.2 5 5-2.2 5-5 5z\"><\/path><path d=\"m35.1 18.3 2.8.3c.2.8.5 1.5.9 2.3l-1.7 2.1c-.3.4-.3 1 .1 1.3l2.6 2.6c.4.4.9.4 1.3.1l2.2-1.7c.7.4 1.5.7 2.3.9l.3 2.8c.1.5.5.9 1 .9h3.6c.5 0 .9-.4 1-.9l.3-2.8c.8-.2 1.5-.5 2.3-.9l2.2 1.7c.4.3 1 .3 1.3-.1l2.6-2.6c.4-.4.4-.9.1-1.3l-1.7-2.2c.4-.7.7-1.5.9-2.3l2.8-.3c.5 0 .9-.5.9-1v-3.7c0-.5-.4-.9-.9-1l-2.8-.3c-.2-.8-.5-1.5-.9-2.3l1.7-2.2c.3-.4.3-1-.1-1.3l-2.6-2.6c-.4-.4-.9-.4-1.3-.1l-2.3 1.9c-.7-.4-1.5-.7-2.3-.9l-.3-2.8c0-.5-.4-.9-.9-.9h-3.6c-.5 0-.9.4-1 .9l-.3 2.8c-.8.2-1.5.5-2.3.9l-2.2-1.8c-.4-.3-1-.3-1.3.1l-2.6 2.6c-.4.4-.4.9-.1 1.3l1.7 2.2c-.4.7-.7 1.5-.9 2.3l-2.8.3c-.5.1-.9.5-.9 1v3.7c0 .5.4.9.9 1zm13.6-7.3c2.4 0 4.3 1.9 4.3 4.3s-1.9 4.3-4.3 4.3-4.3-1.9-4.3-4.3 1.9-4.3 4.3-4.3z\"><\/path><\/g><\/svg>\t\t\t\t<\/span>\n\t\t\t<\/div>\n\t\t\t\n\t\t\t\t\t\t<div class=\"elementor-icon-box-content\">\n\n\t\t\t\t\t\t\t\t\t<h3 class=\"elementor-icon-box-title\">\n\t\t\t\t\t\t<span  >\n\t\t\t\t\t\t\tZuverl\u00e4ssig\t\t\t\t\t\t<\/span>\n\t\t\t\t\t<\/h3>\n\t\t\t\t\n\t\t\t\t\n\t\t\t<\/div>\n\t\t\t\n\t\t<\/div>\n\t\t\t\t\t\t<\/div>\n\t\t\t\t<\/div>\n\t\t\t\t\t<\/div>\n\t\t\t\t<\/div>\n\t\t<div class=\"elementor-element elementor-element-3e0d61e e-flex e-con-boxed e-con e-parent\" data-id=\"3e0d61e\" data-element_type=\"container\" data-settings=\"{&quot;background_background&quot;:&quot;classic&quot;}\">\n\t\t\t\t\t<div class=\"e-con-inner\">\n\t\t\t\t<div class=\"elementor-element elementor-element-1a3e2ce elementor-widget elementor-widget-image\" data-id=\"1a3e2ce\" data-element_type=\"widget\" data-widget_type=\"image.default\">\n\t\t\t\t<div class=\"elementor-widget-container\">\n\t\t\t\t\t\t\t\t\t\t\t\t\t\t\t\t<a href=\"https:\/\/www.daiken.hr\/wp-content\/uploads\/2025\/04\/slika-2.jpg\" data-elementor-open-lightbox=\"yes\" data-e-action-hash=\"#elementor-action%3Aaction%3Dlightbox%26settings%3DeyJpZCI6NjcxLCJ1cmwiOiJodHRwczpcL1wvd3d3LmRhaWtlbi5oclwvd3AtY29udGVudFwvdXBsb2Fkc1wvMjAyNVwvMDRcL3NsaWthLTIuanBnIn0%3D\">\n\t\t\t\t\t\t\t<img fetchpriority=\"high\" decoding=\"async\" width=\"1000\" height=\"667\" src=\"https:\/\/www.daiken.hr\/wp-content\/uploads\/2025\/04\/slika-2.jpg\" class=\"attachment-full size-full wp-image-671\" alt=\"Slika 2\" srcset=\"https:\/\/www.daiken.hr\/wp-content\/uploads\/2025\/04\/slika-2.jpg 1000w, https:\/\/www.daiken.hr\/wp-content\/uploads\/2025\/04\/slika-2-300x200.jpg 300w, https:\/\/www.daiken.hr\/wp-content\/uploads\/2025\/04\/slika-2-768x512.jpg 768w\" sizes=\"(max-width: 1000px) 100vw, 1000px\" \/>\t\t\t\t\t\t\t\t<\/a>\n\t\t\t\t\t\t\t\t\t\t\t\t\t\t\t<\/div>\n\t\t\t\t<\/div>\n\t\t\t\t\t<\/div>\n\t\t\t\t<\/div>\n\t\t\t\t<\/div>\n\t\t","protected":false},"excerpt":{"rendered":"<p>F\u00f6rdertechnik mit hoher Leistung Mit Ausspeiseleistung von 250-500 t\/h f\u00fcr professionelle Zwecke mit Dauerbetrieb von 24\/7. F\u00fcr das F\u00fcllen von Bodenlagern sowie die Um- und Entladung von Schiffen und Lastkahnen. Robust Universell Vielseitig Zuverl\u00e4ssig<\/p>\n","protected":false},"author":1,"featured_media":0,"parent":0,"menu_order":0,"comment_status":"closed","ping_status":"closed","template":"","meta":{"slim_seo":{"title":"F\u00f6rdertechnik mit hoher Leistung - Daiken d.o.o.","description":"F\u00f6rdertechnik mit hoher Leistung Mit Ausspeiseleistung von 250-500 t\/h f\u00fcr professionelle Zwecke mit Dauerbetrieb von 24\/7. F\u00fcr das F\u00fcllen von Bodenlagern sowie"},"footnotes":""},"class_list":["post-757","page","type-page","status-publish","hentry"],"blocksy_meta":[],"_links":{"self":[{"href":"https:\/\/www.daiken.hr\/de\/wp-json\/wp\/v2\/pages\/757","targetHints":{"allow":["GET"]}}],"collection":[{"href":"https:\/\/www.daiken.hr\/de\/wp-json\/wp\/v2\/pages"}],"about":[{"href":"https:\/\/www.daiken.hr\/de\/wp-json\/wp\/v2\/types\/page"}],"author":[{"embeddable":true,"href":"https:\/\/www.daiken.hr\/de\/wp-json\/wp\/v2\/users\/1"}],"replies":[{"embeddable":true,"href":"https:\/\/www.daiken.hr\/de\/wp-json\/wp\/v2\/comments?post=757"}],"version-history":[{"count":3,"href":"https:\/\/www.daiken.hr\/de\/wp-json\/wp\/v2\/pages\/757\/revisions"}],"predecessor-version":[{"id":774,"href":"https:\/\/www.daiken.hr\/de\/wp-json\/wp\/v2\/pages\/757\/revisions\/774"}],"wp:attachment":[{"href":"https:\/\/www.daiken.hr\/de\/wp-json\/wp\/v2\/media?parent=757"}],"curies":[{"name":"wp","href":"https:\/\/api.w.org\/{rel}","templated":true}]}}