{"id":759,"date":"2025-04-10T11:30:04","date_gmt":"2025-04-10T11:30:04","guid":{"rendered":"https:\/\/www.daiken.hr\/foerderer-fuer-baumaterialien\/"},"modified":"2025-05-09T09:56:49","modified_gmt":"2025-05-09T09:56:49","slug":"foerderer-fuer-baumaterialien","status":"publish","type":"page","link":"https:\/\/www.daiken.hr\/de\/foerderer-fuer-baumaterialien\/","title":{"rendered":"F\u00f6rderer f\u00fcr Baumaterialien"},"content":{"rendered":"\t\t<div data-elementor-type=\"wp-page\" data-elementor-id=\"759\" class=\"elementor elementor-759 elementor-26\" data-elementor-post-type=\"page\">\n\t\t\t\t<div class=\"elementor-element elementor-element-dbce0a9 e-flex e-con-boxed e-con e-parent\" data-id=\"dbce0a9\" data-element_type=\"container\" data-settings=\"{&quot;background_background&quot;:&quot;classic&quot;}\">\n\t\t\t\t\t<div class=\"e-con-inner\">\n\t\t<div class=\"elementor-element elementor-element-62556ac e-con-full e-flex e-con e-child\" data-id=\"62556ac\" data-element_type=\"container\">\n\t\t<div class=\"elementor-element elementor-element-82e5667 e-con-full e-flex e-con e-child\" data-id=\"82e5667\" data-element_type=\"container\">\n\t\t<div class=\"elementor-element elementor-element-cd54565 e-con-full e-flex e-con e-child\" data-id=\"cd54565\" data-element_type=\"container\">\n\t\t\t\t<div class=\"elementor-element elementor-element-23381cd elementor-widget elementor-widget-heading\" data-id=\"23381cd\" data-element_type=\"widget\" data-widget_type=\"heading.default\">\n\t\t\t\t<div class=\"elementor-widget-container\">\n\t\t\t\t\t<h1 class=\"elementor-heading-title elementor-size-default\">F\u00f6rderer f\u00fcr Baumaterialien<\/h1>\t\t\t\t<\/div>\n\t\t\t\t<\/div>\n\t\t\t\t<\/div>\n\t\t<div class=\"elementor-element elementor-element-bf0930a e-con-full e-flex e-con e-child\" data-id=\"bf0930a\" data-element_type=\"container\">\n\t\t\t\t<div class=\"elementor-element elementor-element-25b8d17 elementor-widget elementor-widget-text-editor\" data-id=\"25b8d17\" data-element_type=\"widget\" data-widget_type=\"text-editor.default\">\n\t\t\t\t<div class=\"elementor-widget-container\">\n\t\t\t\t\t\t\t\t\t<p>Vielseitige F\u00f6rdertechnik f\u00fcr schweres Material wie Erde, Schutt, Stein und verschiedene Abfallarten. Kann als Annahme-, Stapel- und Gliederf\u00f6rderer verwendet werden. Dank ihrer spezifischen Konstruktion ist sie au\u00dferordentlich einfach zu verwenden, zu warten und handzuhaben.<\/p>\n\t\t\t\t\t\t\t\t<\/div>\n\t\t\t\t<\/div>\n\t\t\t\t<\/div>\n\t\t\t\t<\/div>\n\t\t\t\t<\/div>\n\t\t\t\t\t<\/div>\n\t\t\t\t<\/div>\n\t\t<div class=\"elementor-element elementor-element-32e94a7 e-grid e-con-boxed e-con e-parent\" data-id=\"32e94a7\" data-element_type=\"container\" data-settings=\"{&quot;background_background&quot;:&quot;classic&quot;}\">\n\t\t\t\t\t<div class=\"e-con-inner\">\n\t\t\t\t<div class=\"elementor-element elementor-element-83d4de0 elementor-view-framed elementor-shape-circle elementor-position-top elementor-mobile-position-top elementor-widget elementor-widget-icon-box\" data-id=\"83d4de0\" data-element_type=\"widget\" data-widget_type=\"icon-box.default\">\n\t\t\t\t<div class=\"elementor-widget-container\">\n\t\t\t\t\t\t\t<div class=\"elementor-icon-box-wrapper\">\n\n\t\t\t\t\t\t<div class=\"elementor-icon-box-icon\">\n\t\t\t\t<span  class=\"elementor-icon\">\n\t\t\t\t<svg xmlns=\"http:\/\/www.w3.org\/2000\/svg\" xmlns:xlink=\"http:\/\/www.w3.org\/1999\/xlink\" id=\"Capa_1\" x=\"0px\" y=\"0px\" width=\"46.164px\" height=\"46.164px\" viewBox=\"0 0 46.164 46.164\" style=\"enable-background:new 0 0 46.164 46.164;\" xml:space=\"preserve\"><g>\t<path d=\"M45.153,40.657l-4.03-24.075c-0.379-2.27-2.345-3.929-4.646-3.929h-6.055c0.71-1.237,1.116-2.67,1.116-4.196   C31.538,3.794,27.745,0,23.081,0c-4.663,0-8.457,3.794-8.457,8.457c0,1.526,0.406,2.959,1.116,4.196H9.685   c-2.302,0-4.267,1.661-4.646,3.931L1.01,40.662c-0.229,1.365,0.156,2.77,1.051,3.826c0.896,1.057,2.21,1.676,3.596,1.676h34.852   c1.386,0,2.7-0.619,3.596-1.676C44.999,43.43,45.383,42.023,45.153,40.657z M23.082,4.927c1.946,0,3.53,1.584,3.53,3.531   c0,1.947-1.584,3.53-3.53,3.53c-1.947,0-3.531-1.584-3.531-3.531S21.135,4.927,23.082,4.927z\"><\/path><\/g><g><\/g><g><\/g><g><\/g><g><\/g><g><\/g><g><\/g><g><\/g><g><\/g><g><\/g><g><\/g><g><\/g><g><\/g><g><\/g><g><\/g><g><\/g><\/svg>\t\t\t\t<\/span>\n\t\t\t<\/div>\n\t\t\t\n\t\t\t\t\t\t<div class=\"elementor-icon-box-content\">\n\n\t\t\t\t\t\t\t\t\t<h3 class=\"elementor-icon-box-title\">\n\t\t\t\t\t\t<span  >\n\t\t\t\t\t\t\tRobust\t\t\t\t\t\t<\/span>\n\t\t\t\t\t<\/h3>\n\t\t\t\t\n\t\t\t\t\n\t\t\t<\/div>\n\t\t\t\n\t\t<\/div>\n\t\t\t\t\t\t<\/div>\n\t\t\t\t<\/div>\n\t\t\t\t<div class=\"elementor-element elementor-element-b119780 elementor-view-framed elementor-shape-circle elementor-position-top elementor-mobile-position-top elementor-widget elementor-widget-icon-box\" data-id=\"b119780\" data-element_type=\"widget\" data-widget_type=\"icon-box.default\">\n\t\t\t\t<div class=\"elementor-widget-container\">\n\t\t\t\t\t\t\t<div class=\"elementor-icon-box-wrapper\">\n\n\t\t\t\t\t\t<div class=\"elementor-icon-box-icon\">\n\t\t\t\t<span  class=\"elementor-icon\">\n\t\t\t\t<svg xmlns=\"http:\/\/www.w3.org\/2000\/svg\" id=\"Capa_1\" height=\"512\" viewBox=\"0 0 512 512\" width=\"512\"><g><g><g><path d=\"m425.684 68.778-9.864-55.94c-1.439-8.158-9.219-13.606-17.377-12.167h-.001c-8.158 1.439-13.606 9.219-12.167 17.377l3.477 19.721c-40.034-24.534-86.373-37.769-133.752-37.769-68.38 0-132.667 26.629-181.02 74.98-48.352 48.353-74.98 112.64-74.98 181.02 0 8.284 6.716 15 15 15s15-6.716 15-15c0-124.617 101.383-226 226-226 41.481 0 82.063 11.486 117.203 32.801l-20.838 3.674c-8.158 1.438-13.606 9.218-12.167 17.377 1.439 8.158 9.218 13.606 17.377 12.167l55.942-9.865c8.158-1.438 13.605-9.218 12.167-17.376z\"><\/path><\/g><\/g><path d=\"m419.436 217.87-23.431-5.513c-2.632-8.452-6.027-16.639-10.152-24.483l12.676-20.477c3.664-5.918 2.775-13.58-2.147-18.502l-33.275-33.276c-4.922-4.922-12.584-5.812-18.503-2.147l-20.477 12.677c-7.845-4.126-16.032-7.521-24.483-10.152l-5.513-23.431c-1.595-6.777-7.641-11.566-14.601-11.566h-47.06c-6.961 0-13.007 4.789-14.601 11.564l-5.513 23.431c-8.451 2.632-16.638 6.026-24.483 10.152l-20.477-12.677c-5.919-3.664-13.58-2.775-18.503 2.147l-33.275 33.276c-4.922 4.922-5.811 12.583-2.147 18.502l12.676 20.477c-4.125 7.845-7.52 16.031-10.152 24.483l-23.431 5.513c-6.775 1.596-11.564 7.642-11.564 14.603v47.058c0 6.961 4.789 13.007 11.564 14.601l23.431 5.513c2.632 8.452 6.027 16.639 10.152 24.483l-12.676 20.477c-3.664 5.918-2.775 13.58 2.147 18.501l33.275 33.277c4.922 4.922 12.584 5.812 18.503 2.147l20.477-12.677c7.845 4.126 16.032 7.521 24.483 10.152l5.513 23.431c1.595 6.777 7.641 11.566 14.601 11.566h47.059c6.961 0 13.007-4.789 14.601-11.564l5.513-23.431c8.451-2.632 16.638-6.026 24.483-10.152l20.477 12.677c5.919 3.664 13.58 2.775 18.503-2.147l33.275-33.277c4.922-4.922 5.811-12.583 2.147-18.501l-12.676-20.477c4.125-7.845 7.52-16.032 10.152-24.483l23.431-5.513c6.776-1.594 11.564-7.641 11.564-14.601v-47.058c.001-6.963-4.788-13.009-11.563-14.603zm-163.436 108.13c-38.66 0-70-31.34-70-70s31.34-70 70-70 70 31.34 70 70-31.34 70-70 70z\"><\/path><path d=\"m86.316 443.222 9.864 55.94c1.439 8.158 9.219 13.606 17.377 12.167h.001c8.158-1.439 13.606-9.219 12.167-17.377l-3.477-19.721c40.034 24.534 86.373 37.769 133.752 37.769 68.38 0 132.667-26.629 181.02-74.98 48.352-48.353 74.98-112.64 74.98-181.02 0-8.284-6.716-15-15-15s-15 6.716-15 15c0 124.617-101.383 226-226 226-41.481 0-82.063-11.486-117.203-32.801l20.838-3.674c8.158-1.438 13.606-9.218 12.167-17.377-1.439-8.158-9.218-13.606-17.377-12.167l-55.942 9.865c-8.158 1.438-13.605 9.218-12.167 17.376z\"><\/path><\/g><\/svg>\t\t\t\t<\/span>\n\t\t\t<\/div>\n\t\t\t\n\t\t\t\t\t\t<div class=\"elementor-icon-box-content\">\n\n\t\t\t\t\t\t\t\t\t<h3 class=\"elementor-icon-box-title\">\n\t\t\t\t\t\t<span  >\n\t\t\t\t\t\t\tPraktisch\t\t\t\t\t\t<\/span>\n\t\t\t\t\t<\/h3>\n\t\t\t\t\n\t\t\t\t\n\t\t\t<\/div>\n\t\t\t\n\t\t<\/div>\n\t\t\t\t\t\t<\/div>\n\t\t\t\t<\/div>\n\t\t\t\t<div class=\"elementor-element elementor-element-9d971d5 elementor-view-framed elementor-shape-circle elementor-position-top elementor-mobile-position-top elementor-widget elementor-widget-icon-box\" data-id=\"9d971d5\" data-element_type=\"widget\" data-widget_type=\"icon-box.default\">\n\t\t\t\t<div class=\"elementor-widget-container\">\n\t\t\t\t\t\t\t<div class=\"elementor-icon-box-wrapper\">\n\n\t\t\t\t\t\t<div class=\"elementor-icon-box-icon\">\n\t\t\t\t<span  class=\"elementor-icon\">\n\t\t\t\t<svg xmlns=\"http:\/\/www.w3.org\/2000\/svg\" id=\"Layer_1\" viewBox=\"0 0 100 100\"><path d=\"m4.9385076 86.614502h24.1990376c1.3467503 0 2.4385052-1.0917587 2.4385052-2.4385071v-15.7892456c0-1.3467484-1.0917549-2.4385071-2.4385052-2.4385071h-24.1990376c-1.3467493 0-2.4385056 1.0917587-2.4385056 2.4385071v15.7892456c-.0000001 1.3467483 1.0917563 2.4385071 2.4385056 2.4385071z\"><\/path><path d=\"m37.9005432 86.614502h24.1990356c1.3467522 0 2.4385071-1.0917587 2.4385071-2.4385071v-15.7892456c0-1.3467484-1.0917549-2.4385071-2.4385071-2.4385071h-24.1990356c-1.3467522 0-2.4385071 1.0917587-2.4385071 2.4385071v15.7892456c0 1.3467483 1.0917549 2.4385071 2.4385071 2.4385071z\"><\/path><path d=\"m62.0977478 34.046875h-24.1929321c-1.3467522 0-2.4385071-1.0917549-2.4385071-2.4385052v-15.7831459c0-1.3467493 1.0917549-2.4385052 2.4385071-2.4385052h24.1929321c1.3467522 0 2.4385071 1.0917559 2.4385071 2.4385052v15.7831459c0 1.3467503-1.0917549 2.4385052-2.4385071 2.4385052z\"><\/path><path d=\"m78.5278015 60.2868652h-24.1929321c-1.3467522 0-2.4385071-1.0917549-2.4385071-2.4385071v-15.7929077c0-1.3467522 1.0917549-2.4385071 2.4385071-2.4385071h24.1929321c1.3467484 0 2.4385071 1.0917549 2.4385071 2.4385071v15.7929077c0 1.3467522-1.0917587 2.4385071-2.4385071 2.4385071z\"><\/path><path d=\"m97.4962158 68.3852844v15.7931519c0 1.3467484-1.0917587 2.4385071-2.4385071 2.4385071h-24.19281c-1.3467484 0-2.4385071-1.0917587-2.4385071-2.4385071v-15.7931519c0-1.3467484 1.0917587-2.4385071 2.4385071-2.4385071h24.1928101c1.3467483 0 2.438507 1.0917588 2.438507 2.4385071z\"><\/path><path d=\"m29.1375446 13.3830566h-24.199037c-1.3467493 0-2.4385056 1.0917559-2.4385056 2.4385052v15.7894936c0 1.3467503 1.0917563 2.4385052 2.4385056 2.4385052h24.1990376c1.3467503 0 2.4385052-1.0917549 2.4385052-2.4385052v-15.7894936c-.0000006-1.3467493-1.0917555-2.4385052-2.4385058-2.4385052z\"><\/path><path d=\"m68.4239502 15.8215618v15.7894936c0 1.3467503 1.0917587 2.4385052 2.4385071 2.4385052h24.1990356c1.3467484 0 2.4385071-1.0917549 2.4385071-2.4385052v-15.7894936c0-1.3467493-1.0917587-2.4385052-2.4385071-2.4385052h-24.1990356c-1.3467484 0-2.4385071 1.0917559-2.4385071 2.4385052z\"><\/path><path d=\"m21.3711243 60.2836914h24.1990356c1.3467522 0 2.4385071-1.0917549 2.4385071-2.4385071v-15.7892456c0-1.3467522-1.0917549-2.4385071-2.4385071-2.4385071h-24.1990356c-1.3467503 0-2.4385052 1.0917549-2.4385052 2.4385071v15.7892456c0 1.3467522 1.0917549 2.4385071 2.4385052 2.4385071z\"><\/path><\/svg>\t\t\t\t<\/span>\n\t\t\t<\/div>\n\t\t\t\n\t\t\t\t\t\t<div class=\"elementor-icon-box-content\">\n\n\t\t\t\t\t\t\t\t\t<h3 class=\"elementor-icon-box-title\">\n\t\t\t\t\t\t<span  >\n\t\t\t\t\t\t\tSchweres Material\t\t\t\t\t\t<\/span>\n\t\t\t\t\t<\/h3>\n\t\t\t\t\n\t\t\t\t\n\t\t\t<\/div>\n\t\t\t\n\t\t<\/div>\n\t\t\t\t\t\t<\/div>\n\t\t\t\t<\/div>\n\t\t\t\t<div class=\"elementor-element elementor-element-d90f09e elementor-view-framed elementor-shape-circle elementor-position-top elementor-mobile-position-top elementor-widget elementor-widget-icon-box\" data-id=\"d90f09e\" data-element_type=\"widget\" data-widget_type=\"icon-box.default\">\n\t\t\t\t<div class=\"elementor-widget-container\">\n\t\t\t\t\t\t\t<div class=\"elementor-icon-box-wrapper\">\n\n\t\t\t\t\t\t<div class=\"elementor-icon-box-icon\">\n\t\t\t\t<span  class=\"elementor-icon\">\n\t\t\t\t<svg xmlns=\"http:\/\/www.w3.org\/2000\/svg\" id=\"Layer_1\" viewBox=\"0 0 66 66\"><g><path d=\"m35.1 41.6-2.5-3.1c.6-1 1.1-2.2 1.4-3.3l3.9-.4c.5-.1.9-.5.9-1v-4.9c0-.5-.4-.9-.9-1l-3.9-.5c-.3-1.2-.8-2.3-1.4-3.4l2.5-3.1c.3-.4.3-1-.1-1.3l-3.5-3.4c-.4-.4-.9-.4-1.3-.1l-3.1 2.5c-1-.6-2.2-1.1-3.3-1.4l-.4-3.9c-.1-.5-.5-.9-1-.9h-4.9c-.5 0-.9.4-1 .9l-.5 3.9c-1.2.3-2.3.8-3.4 1.4l-3.1-2.5c-.4-.3-1-.3-1.3.1l-3.4 3.4c-.4.4-.4.9-.1 1.3l2.6 3.1c-.6 1.1-1.1 2.2-1.4 3.4l-3.9.5c-.5.1-.9.5-.9 1v4.9c0 .5.4.9.9 1l3.9.4c.3 1.2.8 2.3 1.4 3.3l-2.5 3.1c-.3.4-.3 1 .1 1.3l3.4 3.5c.4.4.9.4 1.3.1l3.1-2.5c1.1.6 2.2 1.1 3.4 1.4l.5 3.9c0 .5.5.9 1 .9h4.9c.5 0 .9-.4 1-.9l.4-3.9c1.2-.3 2.3-.8 3.3-1.4l3.1 2.5c.4.3 1 .3 1.3-.1l3.5-3.5c.3-.3.4-.9 0-1.3zm-15.1-4.5c-3.3 0-6-2.7-6-6s2.7-6 6-6 6 2.7 6 6-2.7 6-6 6z\"><\/path><path d=\"m64.1 45.7-3.3-.4c-.3-.9-.6-1.8-1.1-2.7l2-2.6c.3-.4.3-1-.1-1.3l-2.9-2.9c-.4-.4-.9-.4-1.3-.1l-2.6 2c-.8-.5-1.8-.8-2.7-1.1l-.4-3.3c-.1-.5-.5-.9-1-.9h-4.1c-.5 0-.9.4-1 .9l-.4 3.3c-.9.3-1.8.6-2.7 1.1l-2.6-2c-.4-.3-1-.3-1.3.1l-2.9 2.9c-.4.4-.4.9-.1 1.3l2 2.6c-.5.9-.9 1.8-1.1 2.7l-3.3.4c-.5 0-.9.5-.9 1v4.2c0 .5.4.9.9 1l3.3.4c.3.9.6 1.8 1.1 2.7l-2 2.6c-.3.4-.3 1 .1 1.3l2.9 2.9c.4.4.9.4 1.3.1l2.6-2c.9.5 1.8.8 2.7 1.1l.4 3.2c.1.5.5.9 1 .9h4.1c.5 0 .9-.4 1-.9l.4-3.2c.9-.3 1.8-.6 2.7-1.1l2.6 2c.4.3 1 .3 1.3-.1l2.9-2.9c.4-.4.4-.9.1-1.3l-2-2.6c.5-.9.8-1.8 1.1-2.7l3.3-.4c.5-.1.9-.5.9-1v-4.2c0-.5-.4-1-.9-1zm-15.4 7.8c-2.8 0-5-2.3-5-5 0-2.8 2.2-5 5-5s5 2.2 5 5-2.2 5-5 5z\"><\/path><path d=\"m35.1 18.3 2.8.3c.2.8.5 1.5.9 2.3l-1.7 2.1c-.3.4-.3 1 .1 1.3l2.6 2.6c.4.4.9.4 1.3.1l2.2-1.7c.7.4 1.5.7 2.3.9l.3 2.8c.1.5.5.9 1 .9h3.6c.5 0 .9-.4 1-.9l.3-2.8c.8-.2 1.5-.5 2.3-.9l2.2 1.7c.4.3 1 .3 1.3-.1l2.6-2.6c.4-.4.4-.9.1-1.3l-1.7-2.2c.4-.7.7-1.5.9-2.3l2.8-.3c.5 0 .9-.5.9-1v-3.7c0-.5-.4-.9-.9-1l-2.8-.3c-.2-.8-.5-1.5-.9-2.3l1.7-2.2c.3-.4.3-1-.1-1.3l-2.6-2.6c-.4-.4-.9-.4-1.3-.1l-2.3 1.9c-.7-.4-1.5-.7-2.3-.9l-.3-2.8c0-.5-.4-.9-.9-.9h-3.6c-.5 0-.9.4-1 .9l-.3 2.8c-.8.2-1.5.5-2.3.9l-2.2-1.8c-.4-.3-1-.3-1.3.1l-2.6 2.6c-.4.4-.4.9-.1 1.3l1.7 2.2c-.4.7-.7 1.5-.9 2.3l-2.8.3c-.5.1-.9.5-.9 1v3.7c0 .5.4.9.9 1zm13.6-7.3c2.4 0 4.3 1.9 4.3 4.3s-1.9 4.3-4.3 4.3-4.3-1.9-4.3-4.3 1.9-4.3 4.3-4.3z\"><\/path><\/g><\/svg>\t\t\t\t<\/span>\n\t\t\t<\/div>\n\t\t\t\n\t\t\t\t\t\t<div class=\"elementor-icon-box-content\">\n\n\t\t\t\t\t\t\t\t\t<h3 class=\"elementor-icon-box-title\">\n\t\t\t\t\t\t<span  >\n\t\t\t\t\t\t\tZuverl\u00e4ssig\t\t\t\t\t\t<\/span>\n\t\t\t\t\t<\/h3>\n\t\t\t\t\n\t\t\t\t\n\t\t\t<\/div>\n\t\t\t\n\t\t<\/div>\n\t\t\t\t\t\t<\/div>\n\t\t\t\t<\/div>\n\t\t\t\t\t<\/div>\n\t\t\t\t<\/div>\n\t\t<div class=\"elementor-element elementor-element-18242d3 e-flex e-con-boxed e-con e-parent\" data-id=\"18242d3\" data-element_type=\"container\" data-settings=\"{&quot;background_background&quot;:&quot;classic&quot;}\">\n\t\t\t\t\t<div class=\"e-con-inner\">\n\t\t\t\t<div class=\"elementor-element elementor-element-5f336aa elementor-widget elementor-widget-gallery\" data-id=\"5f336aa\" data-element_type=\"widget\" data-settings=\"{&quot;gallery_layout&quot;:&quot;justified&quot;,&quot;ideal_row_height&quot;:{&quot;unit&quot;:&quot;px&quot;,&quot;size&quot;:370,&quot;sizes&quot;:[]},&quot;ideal_row_height_tablet&quot;:{&quot;unit&quot;:&quot;px&quot;,&quot;size&quot;:200,&quot;sizes&quot;:[]},&quot;ideal_row_height_mobile&quot;:{&quot;unit&quot;:&quot;px&quot;,&quot;size&quot;:240,&quot;sizes&quot;:[]},&quot;lazyload&quot;:&quot;yes&quot;,&quot;gap&quot;:{&quot;unit&quot;:&quot;px&quot;,&quot;size&quot;:10,&quot;sizes&quot;:[]},&quot;gap_tablet&quot;:{&quot;unit&quot;:&quot;px&quot;,&quot;size&quot;:10,&quot;sizes&quot;:[]},&quot;gap_mobile&quot;:{&quot;unit&quot;:&quot;px&quot;,&quot;size&quot;:10,&quot;sizes&quot;:[]},&quot;link_to&quot;:&quot;file&quot;,&quot;content_hover_animation&quot;:&quot;fade-in&quot;}\" data-widget_type=\"gallery.default\">\n\t\t\t\t<div class=\"elementor-widget-container\">\n\t\t\t\t\t\t\t<div class=\"elementor-gallery__container\">\n\t\t\t\t\t\t\t<a class=\"e-gallery-item elementor-gallery-item elementor-animated-content\" href=\"https:\/\/www.daiken.hr\/wp-content\/uploads\/2025\/04\/sauterelle-de-chantier-54476248-2.jpg\" data-elementor-open-lightbox=\"yes\" data-elementor-lightbox-slideshow=\"5f336aa\" data-e-action-hash=\"#elementor-action%3Aaction%3Dlightbox%26settings%3DeyJpZCI6NDkyLCJ1cmwiOiJodHRwczpcL1wvd3d3LmRhaWtlbi5oclwvd3AtY29udGVudFwvdXBsb2Fkc1wvMjAyNVwvMDRcL3NhdXRlcmVsbGUtZGUtY2hhbnRpZXItNTQ0NzYyNDgtMi5qcGciLCJzbGlkZXNob3ciOiI1ZjMzNmFhIn0%3D\">\n\t\t\t\t\t<div class=\"e-gallery-image elementor-gallery-item__image\" data-thumbnail=\"https:\/\/www.daiken.hr\/wp-content\/uploads\/2025\/04\/sauterelle-de-chantier-54476248-2.jpg\" data-width=\"1300\" data-height=\"1300\" aria-label=\"\" role=\"img\" ><\/div>\n\t\t\t\t\t\t\t\t\t\t\t\t\t\t<\/a>\n\t\t\t\t\t\t\t<a class=\"e-gallery-item elementor-gallery-item elementor-animated-content\" href=\"https:\/\/www.daiken.hr\/wp-content\/uploads\/2025\/04\/5d483bb9-2275-4ece-9edf-d3396116b617.jpg\" data-elementor-open-lightbox=\"yes\" data-elementor-lightbox-slideshow=\"5f336aa\" data-e-action-hash=\"#elementor-action%3Aaction%3Dlightbox%26settings%3DeyJpZCI6NDkzLCJ1cmwiOiJodHRwczpcL1wvd3d3LmRhaWtlbi5oclwvd3AtY29udGVudFwvdXBsb2Fkc1wvMjAyNVwvMDRcLzVkNDgzYmI5LTIyNzUtNGVjZS05ZWRmLWQzMzk2MTE2YjYxNy5qcGciLCJzbGlkZXNob3ciOiI1ZjMzNmFhIn0%3D\">\n\t\t\t\t\t<div class=\"e-gallery-image elementor-gallery-item__image\" data-thumbnail=\"https:\/\/www.daiken.hr\/wp-content\/uploads\/2025\/04\/5d483bb9-2275-4ece-9edf-d3396116b617.jpg\" data-width=\"960\" data-height=\"821\" aria-label=\"\" role=\"img\" ><\/div>\n\t\t\t\t\t\t\t\t\t\t\t\t\t\t<\/a>\n\t\t\t\t\t\t\t<a class=\"e-gallery-item elementor-gallery-item elementor-animated-content\" href=\"https:\/\/www.daiken.hr\/wp-content\/uploads\/2025\/04\/b7b380b1-7f14-4f3b-b7c2-047174d53706.jpg\" data-elementor-open-lightbox=\"yes\" data-elementor-lightbox-slideshow=\"5f336aa\" data-e-action-hash=\"#elementor-action%3Aaction%3Dlightbox%26settings%3DeyJpZCI6NDk0LCJ1cmwiOiJodHRwczpcL1wvd3d3LmRhaWtlbi5oclwvd3AtY29udGVudFwvdXBsb2Fkc1wvMjAyNVwvMDRcL2I3YjM4MGIxLTdmMTQtNGYzYi1iN2MyLTA0NzE3NGQ1MzcwNi5qcGciLCJzbGlkZXNob3ciOiI1ZjMzNmFhIn0%3D\">\n\t\t\t\t\t<div class=\"e-gallery-image elementor-gallery-item__image\" data-thumbnail=\"https:\/\/www.daiken.hr\/wp-content\/uploads\/2025\/04\/b7b380b1-7f14-4f3b-b7c2-047174d53706.jpg\" data-width=\"1058\" data-height=\"391\" aria-label=\"\" role=\"img\" ><\/div>\n\t\t\t\t\t\t\t\t\t\t\t\t\t\t<\/a>\n\t\t\t\t\t<\/div>\n\t\t\t\t\t<\/div>\n\t\t\t\t<\/div>\n\t\t\t\t\t<\/div>\n\t\t\t\t<\/div>\n\t\t\t\t<\/div>\n\t\t","protected":false},"excerpt":{"rendered":"<p>F\u00f6rderer f\u00fcr Baumaterialien Vielseitige F\u00f6rdertechnik f\u00fcr schweres Material wie Erde, Schutt, Stein und verschiedene Abfallarten. Kann als Annahme-, Stapel- und Gliederf\u00f6rderer verwendet werden. Dank ihrer spezifischen Konstruktion ist sie au\u00dferordentlich einfach zu verwenden, zu warten und handzuhaben. Robust Praktisch Schweres Material Zuverl\u00e4ssig<\/p>\n","protected":false},"author":1,"featured_media":0,"parent":0,"menu_order":0,"comment_status":"closed","ping_status":"closed","template":"","meta":{"slim_seo":{"title":"F\u00f6rderer f\u00fcr Baumaterialien - Daiken d.o.o.","description":"F\u00f6rderer f\u00fcr Baumaterialien Vielseitige F\u00f6rdertechnik f\u00fcr schweres Material wie Erde, Schutt, Stein und verschiedene Abfallarten. Kann als Annahme-, Stapel- und"},"footnotes":""},"class_list":["post-759","page","type-page","status-publish","hentry"],"blocksy_meta":[],"_links":{"self":[{"href":"https:\/\/www.daiken.hr\/de\/wp-json\/wp\/v2\/pages\/759","targetHints":{"allow":["GET"]}}],"collection":[{"href":"https:\/\/www.daiken.hr\/de\/wp-json\/wp\/v2\/pages"}],"about":[{"href":"https:\/\/www.daiken.hr\/de\/wp-json\/wp\/v2\/types\/page"}],"author":[{"embeddable":true,"href":"https:\/\/www.daiken.hr\/de\/wp-json\/wp\/v2\/users\/1"}],"replies":[{"embeddable":true,"href":"https:\/\/www.daiken.hr\/de\/wp-json\/wp\/v2\/comments?post=759"}],"version-history":[{"count":1,"href":"https:\/\/www.daiken.hr\/de\/wp-json\/wp\/v2\/pages\/759\/revisions"}],"predecessor-version":[{"id":760,"href":"https:\/\/www.daiken.hr\/de\/wp-json\/wp\/v2\/pages\/759\/revisions\/760"}],"wp:attachment":[{"href":"https:\/\/www.daiken.hr\/de\/wp-json\/wp\/v2\/media?parent=759"}],"curies":[{"name":"wp","href":"https:\/\/api.w.org\/{rel}","templated":true}]}}