{"id":761,"date":"2025-04-10T11:30:18","date_gmt":"2025-04-10T11:30:18","guid":{"rendered":"https:\/\/www.daiken.hr\/raupenfoerderer\/"},"modified":"2025-05-20T06:50:39","modified_gmt":"2025-05-20T06:50:39","slug":"raupenfoerderer","status":"publish","type":"page","link":"https:\/\/www.daiken.hr\/de\/raupenfoerderer\/","title":{"rendered":"Raupenf\u00f6rderer"},"content":{"rendered":"\t\t<div data-elementor-type=\"wp-page\" data-elementor-id=\"761\" class=\"elementor elementor-761 elementor-28\" data-elementor-post-type=\"page\">\n\t\t\t\t<div class=\"elementor-element elementor-element-10d39b2 e-flex e-con-boxed e-con e-parent\" data-id=\"10d39b2\" data-element_type=\"container\" data-settings=\"{&quot;background_background&quot;:&quot;classic&quot;}\">\n\t\t\t\t\t<div class=\"e-con-inner\">\n\t\t<div class=\"elementor-element elementor-element-ddc3a0c e-con-full e-flex e-con e-child\" data-id=\"ddc3a0c\" data-element_type=\"container\">\n\t\t<div class=\"elementor-element elementor-element-18bf6da e-con-full e-flex e-con e-child\" data-id=\"18bf6da\" data-element_type=\"container\">\n\t\t<div class=\"elementor-element elementor-element-dc90143 e-con-full e-flex e-con e-child\" data-id=\"dc90143\" data-element_type=\"container\">\n\t\t\t\t<div class=\"elementor-element elementor-element-d5247c2 elementor-widget elementor-widget-heading\" data-id=\"d5247c2\" data-element_type=\"widget\" data-widget_type=\"heading.default\">\n\t\t\t\t<div class=\"elementor-widget-container\">\n\t\t\t\t\t<h1 class=\"elementor-heading-title elementor-size-default\">Raupenf\u00f6rderer<\/h1>\t\t\t\t<\/div>\n\t\t\t\t<\/div>\n\t\t\t\t<\/div>\n\t\t<div class=\"elementor-element elementor-element-5dc900a e-con-full e-flex e-con e-child\" data-id=\"5dc900a\" data-element_type=\"container\">\n\t\t\t\t<div class=\"elementor-element elementor-element-719ee9f elementor-widget elementor-widget-text-editor\" data-id=\"719ee9f\" data-element_type=\"widget\" data-widget_type=\"text-editor.default\">\n\t\t\t\t<div class=\"elementor-widget-container\">\n\t\t\t\t\t\t\t\t\t<p>Stapelf\u00f6rderer mit Eigenantrieb, f\u00fcr alle Materialsorten und zur Verwendung auf anspruchsvollem Gel\u00e4nde wie Steinbr\u00fcchen, Bergwerken und Kiesgruben. Diesel-, Elektro- oder Hybridantrieb.<\/p>\n\t\t\t\t\t\t\t\t<\/div>\n\t\t\t\t<\/div>\n\t\t\t\t<\/div>\n\t\t\t\t<\/div>\n\t\t\t\t<\/div>\n\t\t\t\t\t<\/div>\n\t\t\t\t<\/div>\n\t\t<div class=\"elementor-element elementor-element-90fa7fe e-grid e-con-boxed e-con e-parent\" data-id=\"90fa7fe\" data-element_type=\"container\" data-settings=\"{&quot;background_background&quot;:&quot;classic&quot;}\">\n\t\t\t\t\t<div class=\"e-con-inner\">\n\t\t\t\t<div class=\"elementor-element elementor-element-0cb9051 elementor-view-framed elementor-shape-circle elementor-position-top elementor-mobile-position-top elementor-widget elementor-widget-icon-box\" data-id=\"0cb9051\" data-element_type=\"widget\" data-widget_type=\"icon-box.default\">\n\t\t\t\t<div class=\"elementor-widget-container\">\n\t\t\t\t\t\t\t<div class=\"elementor-icon-box-wrapper\">\n\n\t\t\t\t\t\t<div class=\"elementor-icon-box-icon\">\n\t\t\t\t<span  class=\"elementor-icon\">\n\t\t\t\t<svg xmlns=\"http:\/\/www.w3.org\/2000\/svg\" xmlns:xlink=\"http:\/\/www.w3.org\/1999\/xlink\" id=\"Capa_1\" x=\"0px\" y=\"0px\" width=\"46.164px\" height=\"46.164px\" viewBox=\"0 0 46.164 46.164\" style=\"enable-background:new 0 0 46.164 46.164;\" xml:space=\"preserve\"><g>\t<path d=\"M45.153,40.657l-4.03-24.075c-0.379-2.27-2.345-3.929-4.646-3.929h-6.055c0.71-1.237,1.116-2.67,1.116-4.196   C31.538,3.794,27.745,0,23.081,0c-4.663,0-8.457,3.794-8.457,8.457c0,1.526,0.406,2.959,1.116,4.196H9.685   c-2.302,0-4.267,1.661-4.646,3.931L1.01,40.662c-0.229,1.365,0.156,2.77,1.051,3.826c0.896,1.057,2.21,1.676,3.596,1.676h34.852   c1.386,0,2.7-0.619,3.596-1.676C44.999,43.43,45.383,42.023,45.153,40.657z M23.082,4.927c1.946,0,3.53,1.584,3.53,3.531   c0,1.947-1.584,3.53-3.53,3.53c-1.947,0-3.531-1.584-3.531-3.531S21.135,4.927,23.082,4.927z\"><\/path><\/g><g><\/g><g><\/g><g><\/g><g><\/g><g><\/g><g><\/g><g><\/g><g><\/g><g><\/g><g><\/g><g><\/g><g><\/g><g><\/g><g><\/g><g><\/g><\/svg>\t\t\t\t<\/span>\n\t\t\t<\/div>\n\t\t\t\n\t\t\t\t\t\t<div class=\"elementor-icon-box-content\">\n\n\t\t\t\t\t\t\t\t\t<h3 class=\"elementor-icon-box-title\">\n\t\t\t\t\t\t<span  >\n\t\t\t\t\t\t\tRobust\t\t\t\t\t\t<\/span>\n\t\t\t\t\t<\/h3>\n\t\t\t\t\n\t\t\t\t\n\t\t\t<\/div>\n\t\t\t\n\t\t<\/div>\n\t\t\t\t\t\t<\/div>\n\t\t\t\t<\/div>\n\t\t\t\t<div class=\"elementor-element elementor-element-80007e3 elementor-view-framed elementor-shape-circle elementor-position-top elementor-mobile-position-top elementor-widget elementor-widget-icon-box\" data-id=\"80007e3\" data-element_type=\"widget\" data-widget_type=\"icon-box.default\">\n\t\t\t\t<div class=\"elementor-widget-container\">\n\t\t\t\t\t\t\t<div class=\"elementor-icon-box-wrapper\">\n\n\t\t\t\t\t\t<div class=\"elementor-icon-box-icon\">\n\t\t\t\t<span  class=\"elementor-icon\">\n\t\t\t\t<svg xmlns=\"http:\/\/www.w3.org\/2000\/svg\" id=\"Layer_1\" height=\"512\" viewBox=\"0 0 512 512\" width=\"512\"><g><path d=\"m241 35.154c-57.822 3.319-112.046 25.788-155.327 64.361l66.936 66.936c25.19-20.971 55.776-33.644 88.391-36.624z\"><\/path><path d=\"m131.389 187.657-66.935-66.935c-38.606 43.269-61.103 97.497-64.443 155.333h94.677c3-32.621 15.7-63.21 36.701-88.398z\"><\/path><path d=\"m417.312 276.055h94.677c-3.34-57.836-25.836-112.064-64.443-155.333l-66.935 66.935c21.001 25.187 33.701 55.777 36.701 88.398z\"><\/path><path d=\"m417.291 306.055c-2.103 23.103-8.696 42.373-16.494 57.83 7.607 11.731 13.949 21.645 18.139 28.229 11.41 17.932 8.884 40.95-6.144 55.979-3.649 3.649-7.817 6.589-12.334 8.762l15.589 15.59c2.934 2.934 6.78 4.401 10.625 4.401 3.846 0 7.691-1.467 10.624-4.401 44.924-44.919 71.119-103.534 74.704-166.39z\"><\/path><path d=\"m94.71 306.055h-94.71c3.585 62.856 29.78 121.471 74.703 166.391 2.934 2.934 6.779 4.401 10.624 4.401s7.691-1.468 10.625-4.401l45.512-45.515c5.867-5.868 5.867-15.382 0-21.25-11.877-11.877-41.794-45.129-46.754-99.626z\"><\/path><path d=\"m426.327 99.515c-43.281-38.574-97.505-61.042-155.327-64.361v94.673c32.614 2.98 63.201 15.653 88.391 36.624z\"><\/path><path d=\"m289.33 257.977c-18.377-18.377-48.279-18.377-66.656 0s-18.377 48.279 0 66.656c23.216 23.216 137.311 96.066 150.245 104.296 5.931 3.775 13.688 2.923 18.66-2.048 4.971-4.971 5.823-12.728 2.048-18.66-8.231-12.933-81.081-127.029-104.297-150.244z\"><\/path><\/g><\/svg>\t\t\t\t<\/span>\n\t\t\t<\/div>\n\t\t\t\n\t\t\t\t\t\t<div class=\"elementor-icon-box-content\">\n\n\t\t\t\t\t\t\t\t\t<h3 class=\"elementor-icon-box-title\">\n\t\t\t\t\t\t<span  >\n\t\t\t\t\t\t\tKr\u00e4ftig\t\t\t\t\t\t<\/span>\n\t\t\t\t\t<\/h3>\n\t\t\t\t\n\t\t\t\t\n\t\t\t<\/div>\n\t\t\t\n\t\t<\/div>\n\t\t\t\t\t\t<\/div>\n\t\t\t\t<\/div>\n\t\t\t\t<div class=\"elementor-element elementor-element-4f6a118 elementor-view-framed elementor-shape-circle elementor-position-top elementor-mobile-position-top elementor-widget elementor-widget-icon-box\" data-id=\"4f6a118\" data-element_type=\"widget\" data-widget_type=\"icon-box.default\">\n\t\t\t\t<div class=\"elementor-widget-container\">\n\t\t\t\t\t\t\t<div class=\"elementor-icon-box-wrapper\">\n\n\t\t\t\t\t\t<div class=\"elementor-icon-box-icon\">\n\t\t\t\t<span  class=\"elementor-icon\">\n\t\t\t\t<svg xmlns=\"http:\/\/www.w3.org\/2000\/svg\" id=\"Capa_1\" height=\"512\" viewBox=\"0 0 512 512\" width=\"512\"><g><path d=\"m511.231 432.007c-.305-.914-30.984-92.431-76.127-182.715-26.752-53.506-53.361-96.289-79.088-127.16-34.218-41.062-67.868-61.882-100.016-61.882s-65.798 20.82-100.016 61.882c-25.727 30.872-52.336 73.654-79.088 127.16-45.142 90.284-75.822 181.801-76.126 182.715-1.524 4.574-.758 9.602 2.062 13.514s7.347 6.229 12.168 6.229h482c4.821 0 9.35-2.318 12.169-6.229s3.586-8.94 2.062-13.514zm-375.731-40.507c-8.409 0-14.636-6.873-15-15-.363-8.101 7.154-15 15-15 8.409 0 14.636 6.873 15 15 .363 8.101-7.154 15-15 15zm30.125-84.75c-8.409 0-14.636-6.873-15-15-.363-8.101 7.154-15 15-15 8.409 0 14.636 6.873 15 15 .363 8.101-7.154 15-15 15zm30.125-96c-8.409 0-14.636-6.873-15-15-.363-8.101 7.154-15 15-15 8.409 0 14.636 6.873 15 15 .363 8.101-7.154 15-15 15zm30.125 150.625c-8.409 0-14.636-6.873-15-15-.363-8.101 7.154-15 15-15 8.409 0 14.636 6.873 15 15 .363 8.101-7.154 15-15 15zm30.125-120.5c-8.409 0-14.636-6.873-15-15-.363-8.101 7.154-15 15-15 8.409 0 14.636 6.873 15 15 .363 8.101-7.154 15-15 15zm30.125 60.25c-8.409 0-14.636-6.873-15-15-.363-8.101 7.154-15 15-15 8.409 0 14.636 6.873 15 15 .363 8.101-7.154 15-15 15zm0-120.5c-8.409 0-14.636-6.873-15-15-.363-8.101 7.154-15 15-15 8.409 0 14.636 6.873 15 15 .363 8.101-7.154 15-15 15zm30.125 214.75c-8.409 0-14.636-6.873-15-15-.363-8.101 7.154-15 15-15 8.409 0 14.636 6.873 15 15 .363 8.101-7.154 15-15 15zm30.125-64.125c-8.409 0-14.636-6.873-15-15-.363-8.101 7.154-15 15-15 8.409 0 14.636 6.873 15 15 .363 8.101-7.154 15-15 15zm0-85.5c-8.409 0-14.636-6.873-15-15-.363-8.101 7.154-15 15-15 8.409 0 14.636 6.873 15 15 .363 8.101-7.154 15-15 15zm60.25 145.75c-8.409 0-14.636-6.873-15-15-.363-8.101 7.154-15 15-15 8.409 0 14.636 6.873 15 15 .363 8.101-7.154 15-15 15z\"><\/path><\/g><\/svg>\t\t\t\t<\/span>\n\t\t\t<\/div>\n\t\t\t\n\t\t\t\t\t\t<div class=\"elementor-icon-box-content\">\n\n\t\t\t\t\t\t\t\t\t<h3 class=\"elementor-icon-box-title\">\n\t\t\t\t\t\t<span  >\n\t\t\t\t\t\t\tUniversell\t\t\t\t\t\t<\/span>\n\t\t\t\t\t<\/h3>\n\t\t\t\t\n\t\t\t\t\n\t\t\t<\/div>\n\t\t\t\n\t\t<\/div>\n\t\t\t\t\t\t<\/div>\n\t\t\t\t<\/div>\n\t\t\t\t<div class=\"elementor-element elementor-element-fb472a6 elementor-view-framed elementor-shape-circle elementor-position-top elementor-mobile-position-top elementor-widget elementor-widget-icon-box\" data-id=\"fb472a6\" data-element_type=\"widget\" data-widget_type=\"icon-box.default\">\n\t\t\t\t<div class=\"elementor-widget-container\">\n\t\t\t\t\t\t\t<div class=\"elementor-icon-box-wrapper\">\n\n\t\t\t\t\t\t<div class=\"elementor-icon-box-icon\">\n\t\t\t\t<span  class=\"elementor-icon\">\n\t\t\t\t<svg xmlns=\"http:\/\/www.w3.org\/2000\/svg\" id=\"Layer_1\" viewBox=\"0 0 66 66\"><g><path d=\"m35.1 41.6-2.5-3.1c.6-1 1.1-2.2 1.4-3.3l3.9-.4c.5-.1.9-.5.9-1v-4.9c0-.5-.4-.9-.9-1l-3.9-.5c-.3-1.2-.8-2.3-1.4-3.4l2.5-3.1c.3-.4.3-1-.1-1.3l-3.5-3.4c-.4-.4-.9-.4-1.3-.1l-3.1 2.5c-1-.6-2.2-1.1-3.3-1.4l-.4-3.9c-.1-.5-.5-.9-1-.9h-4.9c-.5 0-.9.4-1 .9l-.5 3.9c-1.2.3-2.3.8-3.4 1.4l-3.1-2.5c-.4-.3-1-.3-1.3.1l-3.4 3.4c-.4.4-.4.9-.1 1.3l2.6 3.1c-.6 1.1-1.1 2.2-1.4 3.4l-3.9.5c-.5.1-.9.5-.9 1v4.9c0 .5.4.9.9 1l3.9.4c.3 1.2.8 2.3 1.4 3.3l-2.5 3.1c-.3.4-.3 1 .1 1.3l3.4 3.5c.4.4.9.4 1.3.1l3.1-2.5c1.1.6 2.2 1.1 3.4 1.4l.5 3.9c0 .5.5.9 1 .9h4.9c.5 0 .9-.4 1-.9l.4-3.9c1.2-.3 2.3-.8 3.3-1.4l3.1 2.5c.4.3 1 .3 1.3-.1l3.5-3.5c.3-.3.4-.9 0-1.3zm-15.1-4.5c-3.3 0-6-2.7-6-6s2.7-6 6-6 6 2.7 6 6-2.7 6-6 6z\"><\/path><path d=\"m64.1 45.7-3.3-.4c-.3-.9-.6-1.8-1.1-2.7l2-2.6c.3-.4.3-1-.1-1.3l-2.9-2.9c-.4-.4-.9-.4-1.3-.1l-2.6 2c-.8-.5-1.8-.8-2.7-1.1l-.4-3.3c-.1-.5-.5-.9-1-.9h-4.1c-.5 0-.9.4-1 .9l-.4 3.3c-.9.3-1.8.6-2.7 1.1l-2.6-2c-.4-.3-1-.3-1.3.1l-2.9 2.9c-.4.4-.4.9-.1 1.3l2 2.6c-.5.9-.9 1.8-1.1 2.7l-3.3.4c-.5 0-.9.5-.9 1v4.2c0 .5.4.9.9 1l3.3.4c.3.9.6 1.8 1.1 2.7l-2 2.6c-.3.4-.3 1 .1 1.3l2.9 2.9c.4.4.9.4 1.3.1l2.6-2c.9.5 1.8.8 2.7 1.1l.4 3.2c.1.5.5.9 1 .9h4.1c.5 0 .9-.4 1-.9l.4-3.2c.9-.3 1.8-.6 2.7-1.1l2.6 2c.4.3 1 .3 1.3-.1l2.9-2.9c.4-.4.4-.9.1-1.3l-2-2.6c.5-.9.8-1.8 1.1-2.7l3.3-.4c.5-.1.9-.5.9-1v-4.2c0-.5-.4-1-.9-1zm-15.4 7.8c-2.8 0-5-2.3-5-5 0-2.8 2.2-5 5-5s5 2.2 5 5-2.2 5-5 5z\"><\/path><path d=\"m35.1 18.3 2.8.3c.2.8.5 1.5.9 2.3l-1.7 2.1c-.3.4-.3 1 .1 1.3l2.6 2.6c.4.4.9.4 1.3.1l2.2-1.7c.7.4 1.5.7 2.3.9l.3 2.8c.1.5.5.9 1 .9h3.6c.5 0 .9-.4 1-.9l.3-2.8c.8-.2 1.5-.5 2.3-.9l2.2 1.7c.4.3 1 .3 1.3-.1l2.6-2.6c.4-.4.4-.9.1-1.3l-1.7-2.2c.4-.7.7-1.5.9-2.3l2.8-.3c.5 0 .9-.5.9-1v-3.7c0-.5-.4-.9-.9-1l-2.8-.3c-.2-.8-.5-1.5-.9-2.3l1.7-2.2c.3-.4.3-1-.1-1.3l-2.6-2.6c-.4-.4-.9-.4-1.3-.1l-2.3 1.9c-.7-.4-1.5-.7-2.3-.9l-.3-2.8c0-.5-.4-.9-.9-.9h-3.6c-.5 0-.9.4-1 .9l-.3 2.8c-.8.2-1.5.5-2.3.9l-2.2-1.8c-.4-.3-1-.3-1.3.1l-2.6 2.6c-.4.4-.4.9-.1 1.3l1.7 2.2c-.4.7-.7 1.5-.9 2.3l-2.8.3c-.5.1-.9.5-.9 1v3.7c0 .5.4.9.9 1zm13.6-7.3c2.4 0 4.3 1.9 4.3 4.3s-1.9 4.3-4.3 4.3-4.3-1.9-4.3-4.3 1.9-4.3 4.3-4.3z\"><\/path><\/g><\/svg>\t\t\t\t<\/span>\n\t\t\t<\/div>\n\t\t\t\n\t\t\t\t\t\t<div class=\"elementor-icon-box-content\">\n\n\t\t\t\t\t\t\t\t\t<h3 class=\"elementor-icon-box-title\">\n\t\t\t\t\t\t<span  >\n\t\t\t\t\t\t\tZuverl\u00e4ssig\t\t\t\t\t\t<\/span>\n\t\t\t\t\t<\/h3>\n\t\t\t\t\n\t\t\t\t\n\t\t\t<\/div>\n\t\t\t\n\t\t<\/div>\n\t\t\t\t\t\t<\/div>\n\t\t\t\t<\/div>\n\t\t\t\t\t<\/div>\n\t\t\t\t<\/div>\n\t\t<div class=\"elementor-element elementor-element-97f0d50 e-flex e-con-boxed e-con e-parent\" data-id=\"97f0d50\" data-element_type=\"container\" data-settings=\"{&quot;background_background&quot;:&quot;classic&quot;}\">\n\t\t\t\t\t<div class=\"e-con-inner\">\n\t\t\t\t<div class=\"elementor-element elementor-element-29f835b elementor-widget elementor-widget-gallery\" data-id=\"29f835b\" data-element_type=\"widget\" data-settings=\"{&quot;columns&quot;:2,&quot;lazyload&quot;:&quot;yes&quot;,&quot;gallery_layout&quot;:&quot;grid&quot;,&quot;columns_tablet&quot;:2,&quot;columns_mobile&quot;:1,&quot;gap&quot;:{&quot;unit&quot;:&quot;px&quot;,&quot;size&quot;:10,&quot;sizes&quot;:[]},&quot;gap_tablet&quot;:{&quot;unit&quot;:&quot;px&quot;,&quot;size&quot;:10,&quot;sizes&quot;:[]},&quot;gap_mobile&quot;:{&quot;unit&quot;:&quot;px&quot;,&quot;size&quot;:10,&quot;sizes&quot;:[]},&quot;link_to&quot;:&quot;file&quot;,&quot;aspect_ratio&quot;:&quot;3:2&quot;,&quot;content_hover_animation&quot;:&quot;fade-in&quot;}\" data-widget_type=\"gallery.default\">\n\t\t\t\t<div class=\"elementor-widget-container\">\n\t\t\t\t\t\t\t<div class=\"elementor-gallery__container\">\n\t\t\t\t\t\t\t<a class=\"e-gallery-item elementor-gallery-item elementor-animated-content\" href=\"https:\/\/www.daiken.hr\/wp-content\/uploads\/2025\/04\/20240822_130057-scaled-e1727908140458-\u2013-kopija.jpg\" data-elementor-open-lightbox=\"yes\" data-elementor-lightbox-slideshow=\"29f835b\" data-e-action-hash=\"#elementor-action%3Aaction%3Dlightbox%26settings%3DeyJpZCI6MjMzLCJ1cmwiOiJodHRwczpcL1wvd3d3LmRhaWtlbi5oclwvd3AtY29udGVudFwvdXBsb2Fkc1wvMjAyNVwvMDRcLzIwMjQwODIyXzEzMDA1Ny1zY2FsZWQtZTE3Mjc5MDgxNDA0NTgtXHUyMDEzLWtvcGlqYS5qcGciLCJzbGlkZXNob3ciOiIyOWY4MzViIn0%3D\">\n\t\t\t\t\t<div class=\"e-gallery-image elementor-gallery-item__image\" data-thumbnail=\"https:\/\/www.daiken.hr\/wp-content\/uploads\/2025\/04\/20240822_130057-scaled-e1727908140458-\u2013-kopija.jpg\" data-width=\"1920\" data-height=\"1173\" aria-label=\"\" role=\"img\" ><\/div>\n\t\t\t\t\t\t\t\t\t\t\t\t\t\t<\/a>\n\t\t\t\t\t\t\t<a class=\"e-gallery-item elementor-gallery-item elementor-animated-content\" href=\"https:\/\/www.daiken.hr\/wp-content\/uploads\/2025\/05\/54898_en_cc285_57229_kleemann-mbt-24i-mobibelt-stacker.jpg\" data-elementor-open-lightbox=\"yes\" data-elementor-lightbox-slideshow=\"29f835b\" data-e-action-hash=\"#elementor-action%3Aaction%3Dlightbox%26settings%3DeyJpZCI6OTU5LCJ1cmwiOiJodHRwczpcL1wvd3d3LmRhaWtlbi5oclwvd3AtY29udGVudFwvdXBsb2Fkc1wvMjAyNVwvMDVcLzU0ODk4X2VuX2NjMjg1XzU3MjI5X2tsZWVtYW5uLW1idC0yNGktbW9iaWJlbHQtc3RhY2tlci5qcGciLCJzbGlkZXNob3ciOiIyOWY4MzViIn0%3D\">\n\t\t\t\t\t<div class=\"e-gallery-image elementor-gallery-item__image\" data-thumbnail=\"https:\/\/www.daiken.hr\/wp-content\/uploads\/2025\/05\/54898_en_cc285_57229_kleemann-mbt-24i-mobibelt-stacker.jpg\" data-width=\"1024\" data-height=\"576\" aria-label=\"\" role=\"img\" ><\/div>\n\t\t\t\t\t\t\t\t\t\t\t\t\t\t<\/a>\n\t\t\t\t\t\t\t<a class=\"e-gallery-item elementor-gallery-item elementor-animated-content\" href=\"https:\/\/www.daiken.hr\/wp-content\/uploads\/2025\/04\/fe0a4390-001b-41cb-9f0a-39d04d062a6e.png\" data-elementor-open-lightbox=\"yes\" data-elementor-lightbox-slideshow=\"29f835b\" data-e-action-hash=\"#elementor-action%3Aaction%3Dlightbox%26settings%3DeyJpZCI6NTA3LCJ1cmwiOiJodHRwczpcL1wvd3d3LmRhaWtlbi5oclwvd3AtY29udGVudFwvdXBsb2Fkc1wvMjAyNVwvMDRcL2ZlMGE0MzkwLTAwMWItNDFjYi05ZjBhLTM5ZDA0ZDA2MmE2ZS5wbmciLCJzbGlkZXNob3ciOiIyOWY4MzViIn0%3D\">\n\t\t\t\t\t<div class=\"e-gallery-image elementor-gallery-item__image\" data-thumbnail=\"https:\/\/www.daiken.hr\/wp-content\/uploads\/2025\/04\/fe0a4390-001b-41cb-9f0a-39d04d062a6e.png\" data-width=\"561\" data-height=\"379\" aria-label=\"\" role=\"img\" ><\/div>\n\t\t\t\t\t\t\t\t\t\t\t\t\t\t<\/a>\n\t\t\t\t\t\t\t<a class=\"e-gallery-item elementor-gallery-item elementor-animated-content\" href=\"https:\/\/www.daiken.hr\/wp-content\/uploads\/2025\/04\/b6f8b82e-66d7-423e-a9ba-a2ac380c57b3.jpg\" data-elementor-open-lightbox=\"yes\" data-elementor-lightbox-slideshow=\"29f835b\" data-e-action-hash=\"#elementor-action%3Aaction%3Dlightbox%26settings%3DeyJpZCI6NTA2LCJ1cmwiOiJodHRwczpcL1wvd3d3LmRhaWtlbi5oclwvd3AtY29udGVudFwvdXBsb2Fkc1wvMjAyNVwvMDRcL2I2ZjhiODJlLTY2ZDctNDIzZS1hOWJhLWEyYWMzODBjNTdiMy5qcGciLCJzbGlkZXNob3ciOiIyOWY4MzViIn0%3D\">\n\t\t\t\t\t<div class=\"e-gallery-image elementor-gallery-item__image\" data-thumbnail=\"https:\/\/www.daiken.hr\/wp-content\/uploads\/2025\/04\/b6f8b82e-66d7-423e-a9ba-a2ac380c57b3.jpg\" data-width=\"464\" data-height=\"376\" aria-label=\"\" role=\"img\" ><\/div>\n\t\t\t\t\t\t\t\t\t\t\t\t\t\t<\/a>\n\t\t\t\t\t<\/div>\n\t\t\t\t\t<\/div>\n\t\t\t\t<\/div>\n\t\t\t\t\t<\/div>\n\t\t\t\t<\/div>\n\t\t\t\t<\/div>\n\t\t","protected":false},"excerpt":{"rendered":"<p>Raupenf\u00f6rderer Stapelf\u00f6rderer mit Eigenantrieb, f\u00fcr alle Materialsorten und zur Verwendung auf anspruchsvollem Gel\u00e4nde wie Steinbr\u00fcchen, Bergwerken und Kiesgruben. Diesel-, Elektro- oder Hybridantrieb. Robust Kr\u00e4ftig Universell Zuverl\u00e4ssig<\/p>\n","protected":false},"author":1,"featured_media":0,"parent":0,"menu_order":0,"comment_status":"closed","ping_status":"closed","template":"","meta":{"slim_seo":{"title":"Raupenf\u00f6rderer - Daiken d.o.o.","description":"Raupenf\u00f6rderer Stapelf\u00f6rderer mit Eigenantrieb, f\u00fcr alle Materialsorten und zur Verwendung auf anspruchsvollem Gel\u00e4nde wie Steinbr\u00fcchen, Bergwerken und Kiesgrub"},"footnotes":""},"class_list":["post-761","page","type-page","status-publish","hentry"],"blocksy_meta":[],"_links":{"self":[{"href":"https:\/\/www.daiken.hr\/de\/wp-json\/wp\/v2\/pages\/761","targetHints":{"allow":["GET"]}}],"collection":[{"href":"https:\/\/www.daiken.hr\/de\/wp-json\/wp\/v2\/pages"}],"about":[{"href":"https:\/\/www.daiken.hr\/de\/wp-json\/wp\/v2\/types\/page"}],"author":[{"embeddable":true,"href":"https:\/\/www.daiken.hr\/de\/wp-json\/wp\/v2\/users\/1"}],"replies":[{"embeddable":true,"href":"https:\/\/www.daiken.hr\/de\/wp-json\/wp\/v2\/comments?post=761"}],"version-history":[{"count":2,"href":"https:\/\/www.daiken.hr\/de\/wp-json\/wp\/v2\/pages\/761\/revisions"}],"predecessor-version":[{"id":965,"href":"https:\/\/www.daiken.hr\/de\/wp-json\/wp\/v2\/pages\/761\/revisions\/965"}],"wp:attachment":[{"href":"https:\/\/www.daiken.hr\/de\/wp-json\/wp\/v2\/media?parent=761"}],"curies":[{"name":"wp","href":"https:\/\/api.w.org\/{rel}","templated":true}]}}