{"id":763,"date":"2025-04-10T11:30:32","date_gmt":"2025-04-10T11:30:32","guid":{"rendered":"https:\/\/www.daiken.hr\/teleskopfoerderer\/"},"modified":"2025-05-09T09:58:39","modified_gmt":"2025-05-09T09:58:39","slug":"teleskopfoerderer","status":"publish","type":"page","link":"https:\/\/www.daiken.hr\/de\/teleskopfoerderer\/","title":{"rendered":"Teleskopf\u00f6rderer"},"content":{"rendered":"\t\t<div data-elementor-type=\"wp-page\" data-elementor-id=\"763\" class=\"elementor elementor-763 elementor-30\" data-elementor-post-type=\"page\">\n\t\t\t\t<div class=\"elementor-element elementor-element-6855114 e-flex e-con-boxed e-con e-parent\" data-id=\"6855114\" data-element_type=\"container\" data-settings=\"{&quot;background_background&quot;:&quot;classic&quot;}\">\n\t\t\t\t\t<div class=\"e-con-inner\">\n\t\t<div class=\"elementor-element elementor-element-82b4ea7 e-con-full e-flex e-con e-child\" data-id=\"82b4ea7\" data-element_type=\"container\">\n\t\t<div class=\"elementor-element elementor-element-a3920e9 e-con-full e-flex e-con e-child\" data-id=\"a3920e9\" data-element_type=\"container\">\n\t\t<div class=\"elementor-element elementor-element-91d8516 e-con-full e-flex e-con e-child\" data-id=\"91d8516\" data-element_type=\"container\">\n\t\t\t\t<div class=\"elementor-element elementor-element-f79b958 elementor-widget elementor-widget-heading\" data-id=\"f79b958\" data-element_type=\"widget\" data-widget_type=\"heading.default\">\n\t\t\t\t<div class=\"elementor-widget-container\">\n\t\t\t\t\t<h1 class=\"elementor-heading-title elementor-size-default\">Teleskopf\u00f6rderer<\/h1>\t\t\t\t<\/div>\n\t\t\t\t<\/div>\n\t\t\t\t<\/div>\n\t\t<div class=\"elementor-element elementor-element-2832ce9 e-con-full e-flex e-con e-child\" data-id=\"2832ce9\" data-element_type=\"container\">\n\t\t\t\t<div class=\"elementor-element elementor-element-61ca757 elementor-widget elementor-widget-text-editor\" data-id=\"61ca757\" data-element_type=\"widget\" data-widget_type=\"text-editor.default\">\n\t\t\t\t<div class=\"elementor-widget-container\">\n\t\t\t\t\t\t\t\t\t<p>Ideal f\u00fcr die Bef\u00f6rderung von Getreide, Kunstd\u00fcnger und Knollenfr\u00fcchten und wird auch f\u00fcr St\u00fcckgut verwendet. Intelligente Steuerung, keine zus\u00e4tzlichen Betreiber notwendig.<br \/>Wird f\u00fcr das F\u00fcllen von Bodenlagern sowie die Um- und Beladung von Anh\u00e4ngern, Schiffen und Lastkahnen verwendet.<\/p>\n<p>&nbsp;<\/p>\n\t\t\t\t\t\t\t\t<\/div>\n\t\t\t\t<\/div>\n\t\t\t\t<\/div>\n\t\t\t\t<\/div>\n\t\t\t\t<\/div>\n\t\t\t\t\t<\/div>\n\t\t\t\t<\/div>\n\t\t<div class=\"elementor-element elementor-element-1511f80 e-grid e-con-boxed e-con e-parent\" data-id=\"1511f80\" data-element_type=\"container\" data-settings=\"{&quot;background_background&quot;:&quot;classic&quot;}\">\n\t\t\t\t\t<div class=\"e-con-inner\">\n\t\t\t\t<div class=\"elementor-element elementor-element-f832a13 elementor-view-framed elementor-shape-circle elementor-position-top elementor-mobile-position-top elementor-widget elementor-widget-icon-box\" data-id=\"f832a13\" data-element_type=\"widget\" data-widget_type=\"icon-box.default\">\n\t\t\t\t<div class=\"elementor-widget-container\">\n\t\t\t\t\t\t\t<div class=\"elementor-icon-box-wrapper\">\n\n\t\t\t\t\t\t<div class=\"elementor-icon-box-icon\">\n\t\t\t\t<span  class=\"elementor-icon\">\n\t\t\t\t<svg xmlns=\"http:\/\/www.w3.org\/2000\/svg\" id=\"Layer_1\" height=\"512\" viewBox=\"0 0 512 512\" width=\"512\"><g><path d=\"m241 35.154c-57.822 3.319-112.046 25.788-155.327 64.361l66.936 66.936c25.19-20.971 55.776-33.644 88.391-36.624z\"><\/path><path d=\"m131.389 187.657-66.935-66.935c-38.606 43.269-61.103 97.497-64.443 155.333h94.677c3-32.621 15.7-63.21 36.701-88.398z\"><\/path><path d=\"m417.312 276.055h94.677c-3.34-57.836-25.836-112.064-64.443-155.333l-66.935 66.935c21.001 25.187 33.701 55.777 36.701 88.398z\"><\/path><path d=\"m417.291 306.055c-2.103 23.103-8.696 42.373-16.494 57.83 7.607 11.731 13.949 21.645 18.139 28.229 11.41 17.932 8.884 40.95-6.144 55.979-3.649 3.649-7.817 6.589-12.334 8.762l15.589 15.59c2.934 2.934 6.78 4.401 10.625 4.401 3.846 0 7.691-1.467 10.624-4.401 44.924-44.919 71.119-103.534 74.704-166.39z\"><\/path><path d=\"m94.71 306.055h-94.71c3.585 62.856 29.78 121.471 74.703 166.391 2.934 2.934 6.779 4.401 10.624 4.401s7.691-1.468 10.625-4.401l45.512-45.515c5.867-5.868 5.867-15.382 0-21.25-11.877-11.877-41.794-45.129-46.754-99.626z\"><\/path><path d=\"m426.327 99.515c-43.281-38.574-97.505-61.042-155.327-64.361v94.673c32.614 2.98 63.201 15.653 88.391 36.624z\"><\/path><path d=\"m289.33 257.977c-18.377-18.377-48.279-18.377-66.656 0s-18.377 48.279 0 66.656c23.216 23.216 137.311 96.066 150.245 104.296 5.931 3.775 13.688 2.923 18.66-2.048 4.971-4.971 5.823-12.728 2.048-18.66-8.231-12.933-81.081-127.029-104.297-150.244z\"><\/path><\/g><\/svg>\t\t\t\t<\/span>\n\t\t\t<\/div>\n\t\t\t\n\t\t\t\t\t\t<div class=\"elementor-icon-box-content\">\n\n\t\t\t\t\t\t\t\t\t<h3 class=\"elementor-icon-box-title\">\n\t\t\t\t\t\t<span  >\n\t\t\t\t\t\t\tKr\u00e4ftig\t\t\t\t\t\t<\/span>\n\t\t\t\t\t<\/h3>\n\t\t\t\t\n\t\t\t\t\n\t\t\t<\/div>\n\t\t\t\n\t\t<\/div>\n\t\t\t\t\t\t<\/div>\n\t\t\t\t<\/div>\n\t\t\t\t<div class=\"elementor-element elementor-element-a437729 elementor-view-framed elementor-shape-circle elementor-position-top elementor-mobile-position-top elementor-widget elementor-widget-icon-box\" data-id=\"a437729\" data-element_type=\"widget\" data-widget_type=\"icon-box.default\">\n\t\t\t\t<div class=\"elementor-widget-container\">\n\t\t\t\t\t\t\t<div class=\"elementor-icon-box-wrapper\">\n\n\t\t\t\t\t\t<div class=\"elementor-icon-box-icon\">\n\t\t\t\t<span  class=\"elementor-icon\">\n\t\t\t\t<svg xmlns=\"http:\/\/www.w3.org\/2000\/svg\" id=\"Capa_1\" height=\"512\" viewBox=\"0 0 512 512\" width=\"512\"><g><path d=\"m511.231 432.007c-.305-.914-30.984-92.431-76.127-182.715-26.752-53.506-53.361-96.289-79.088-127.16-34.218-41.062-67.868-61.882-100.016-61.882s-65.798 20.82-100.016 61.882c-25.727 30.872-52.336 73.654-79.088 127.16-45.142 90.284-75.822 181.801-76.126 182.715-1.524 4.574-.758 9.602 2.062 13.514s7.347 6.229 12.168 6.229h482c4.821 0 9.35-2.318 12.169-6.229s3.586-8.94 2.062-13.514zm-375.731-40.507c-8.409 0-14.636-6.873-15-15-.363-8.101 7.154-15 15-15 8.409 0 14.636 6.873 15 15 .363 8.101-7.154 15-15 15zm30.125-84.75c-8.409 0-14.636-6.873-15-15-.363-8.101 7.154-15 15-15 8.409 0 14.636 6.873 15 15 .363 8.101-7.154 15-15 15zm30.125-96c-8.409 0-14.636-6.873-15-15-.363-8.101 7.154-15 15-15 8.409 0 14.636 6.873 15 15 .363 8.101-7.154 15-15 15zm30.125 150.625c-8.409 0-14.636-6.873-15-15-.363-8.101 7.154-15 15-15 8.409 0 14.636 6.873 15 15 .363 8.101-7.154 15-15 15zm30.125-120.5c-8.409 0-14.636-6.873-15-15-.363-8.101 7.154-15 15-15 8.409 0 14.636 6.873 15 15 .363 8.101-7.154 15-15 15zm30.125 60.25c-8.409 0-14.636-6.873-15-15-.363-8.101 7.154-15 15-15 8.409 0 14.636 6.873 15 15 .363 8.101-7.154 15-15 15zm0-120.5c-8.409 0-14.636-6.873-15-15-.363-8.101 7.154-15 15-15 8.409 0 14.636 6.873 15 15 .363 8.101-7.154 15-15 15zm30.125 214.75c-8.409 0-14.636-6.873-15-15-.363-8.101 7.154-15 15-15 8.409 0 14.636 6.873 15 15 .363 8.101-7.154 15-15 15zm30.125-64.125c-8.409 0-14.636-6.873-15-15-.363-8.101 7.154-15 15-15 8.409 0 14.636 6.873 15 15 .363 8.101-7.154 15-15 15zm0-85.5c-8.409 0-14.636-6.873-15-15-.363-8.101 7.154-15 15-15 8.409 0 14.636 6.873 15 15 .363 8.101-7.154 15-15 15zm60.25 145.75c-8.409 0-14.636-6.873-15-15-.363-8.101 7.154-15 15-15 8.409 0 14.636 6.873 15 15 .363 8.101-7.154 15-15 15z\"><\/path><\/g><\/svg>\t\t\t\t<\/span>\n\t\t\t<\/div>\n\t\t\t\n\t\t\t\t\t\t<div class=\"elementor-icon-box-content\">\n\n\t\t\t\t\t\t\t\t\t<h3 class=\"elementor-icon-box-title\">\n\t\t\t\t\t\t<span  >\n\t\t\t\t\t\t\tUniversell\t\t\t\t\t\t<\/span>\n\t\t\t\t\t<\/h3>\n\t\t\t\t\n\t\t\t\t\n\t\t\t<\/div>\n\t\t\t\n\t\t<\/div>\n\t\t\t\t\t\t<\/div>\n\t\t\t\t<\/div>\n\t\t\t\t<div class=\"elementor-element elementor-element-a6b62df elementor-view-framed elementor-shape-circle elementor-position-top elementor-mobile-position-top elementor-widget elementor-widget-icon-box\" data-id=\"a6b62df\" data-element_type=\"widget\" data-widget_type=\"icon-box.default\">\n\t\t\t\t<div class=\"elementor-widget-container\">\n\t\t\t\t\t\t\t<div class=\"elementor-icon-box-wrapper\">\n\n\t\t\t\t\t\t<div class=\"elementor-icon-box-icon\">\n\t\t\t\t<span  class=\"elementor-icon\">\n\t\t\t\t<svg xmlns=\"http:\/\/www.w3.org\/2000\/svg\" id=\"Layer_1\" viewBox=\"0 0 512 512\" data-name=\"Layer 1\"><path d=\"m240.161 271.594c4.238 4.246 9.859 6.579 15.839 6.579s11.601-2.333 15.828-6.569c13.239-13.221 43.789-61.122 67.872-99.533-38.469 24.114-86.325 54.633-99.54 67.844-8.733 8.733-8.733 22.944 0 31.678zm15.839-31.349c8.561 0 15.51 6.978 15.51 15.51s-6.949 15.51-15.51 15.51-15.51-6.949-15.51-15.51 6.978-15.51 15.51-15.51zm-111.891 15.509c0 61.697 50.194 111.892 111.892 111.892s111.892-50.194 111.892-111.892c0-18.424-4.37-36.039-12.73-51.914-23.785 37.656-48.469 75.343-62.117 88.973-9.878 9.898-23.041 15.359-37.044 15.359-14.004 0-27.167-5.461-37.063-15.376-20.42-20.421-20.42-53.664.011-74.094 13.624-13.624 51.263-38.274 88.927-62.059-15.918-8.312-33.754-12.78-51.874-12.78-61.697 0-111.892 50.194-111.892 111.891zm64.417-47.474c-26.177 26.177-26.177 68.771 0 94.948 12.684 12.695 29.542 19.685 47.474 19.685s34.79-6.989 47.469-19.68c5.854-5.861 15.353-5.865 21.213-.01 5.861 5.855 5.865 15.353.01 21.213-18.346 18.363-42.742 28.477-68.692 28.477s-50.345-10.113-68.691-28.477c-18.341-18.341-28.445-42.734-28.445-68.682s10.104-50.341 28.45-68.687c5.857-5.858 15.355-5.858 21.213 0s5.858 15.355 0 21.213zm188.564 32.474c-2.502-23.387-10.811-45.916-24.11-65.309.602-.964 1.203-1.925 1.8-2.879 10.033-16.051 18.745-29.988 24.78-39.158l42.074-42.074c37.007 41.661 58.607 93.798 61.905 149.42h-106.448zm-18.883-128.419c-9.124 5.99-22.89 14.593-38.725 24.487-1.044.652-2.096 1.31-3.151 1.969-23.524-16.135-51.657-24.928-80.331-24.928-73.173 0-133.582 55.678-141.099 126.891h-106.439c3.298-55.618 24.9-107.752 61.91-149.415l49.625 49.625c2.929 2.929 6.768 4.394 10.606 4.394s7.678-1.464 10.606-4.394c5.858-5.858 5.858-15.355 0-21.213l-49.623-49.623c41.666-36.993 93.799-58.585 149.414-61.882v70.16c0 8.284 6.716 15 15 15s15-6.716 15-15v-70.161c55.621 3.296 107.756 24.887 149.418 61.878l-42.211 42.211zm125.793 158.419v15.99c0 2.43-1.26 4.686-3.33 5.96l-31.728 19.54-22.425 54.156 8.623 36.232c.562 2.365-.142 4.852-1.86 6.57l-43.831 43.832c-1.719 1.719-4.205 2.423-6.569 1.86l-36.261-8.623-54.128 22.424-19.541 31.729c-1.274 2.069-3.53 3.329-5.96 3.329h-61.98c-2.43 0-4.686-1.26-5.96-3.33l-19.54-31.729-54.128-22.424-36.261 8.623c-2.365.563-4.853-.143-6.571-1.862l-43.802-43.832c-1.718-1.719-2.421-4.205-1.858-6.569l8.622-36.23-22.452-54.157-31.729-19.541c-2.069-1.274-3.329-3.53-3.329-5.96v-15.99h106.901c7.517 71.214 67.926 126.892 141.099 126.892s133.582-55.678 141.099-126.892h106.901z\"><\/path><\/svg>\t\t\t\t<\/span>\n\t\t\t<\/div>\n\t\t\t\n\t\t\t\t\t\t<div class=\"elementor-icon-box-content\">\n\n\t\t\t\t\t\t\t\t\t<h3 class=\"elementor-icon-box-title\">\n\t\t\t\t\t\t<span  >\n\t\t\t\t\t\t\tOptimiert\t\t\t\t\t\t<\/span>\n\t\t\t\t\t<\/h3>\n\t\t\t\t\n\t\t\t\t\n\t\t\t<\/div>\n\t\t\t\n\t\t<\/div>\n\t\t\t\t\t\t<\/div>\n\t\t\t\t<\/div>\n\t\t\t\t<div class=\"elementor-element elementor-element-afc2955 elementor-view-framed elementor-shape-circle elementor-position-top elementor-mobile-position-top elementor-widget elementor-widget-icon-box\" data-id=\"afc2955\" data-element_type=\"widget\" data-widget_type=\"icon-box.default\">\n\t\t\t\t<div class=\"elementor-widget-container\">\n\t\t\t\t\t\t\t<div class=\"elementor-icon-box-wrapper\">\n\n\t\t\t\t\t\t<div class=\"elementor-icon-box-icon\">\n\t\t\t\t<span  class=\"elementor-icon\">\n\t\t\t\t<svg xmlns=\"http:\/\/www.w3.org\/2000\/svg\" id=\"Layer_1\" viewBox=\"0 0 66 66\"><g><path d=\"m35.1 41.6-2.5-3.1c.6-1 1.1-2.2 1.4-3.3l3.9-.4c.5-.1.9-.5.9-1v-4.9c0-.5-.4-.9-.9-1l-3.9-.5c-.3-1.2-.8-2.3-1.4-3.4l2.5-3.1c.3-.4.3-1-.1-1.3l-3.5-3.4c-.4-.4-.9-.4-1.3-.1l-3.1 2.5c-1-.6-2.2-1.1-3.3-1.4l-.4-3.9c-.1-.5-.5-.9-1-.9h-4.9c-.5 0-.9.4-1 .9l-.5 3.9c-1.2.3-2.3.8-3.4 1.4l-3.1-2.5c-.4-.3-1-.3-1.3.1l-3.4 3.4c-.4.4-.4.9-.1 1.3l2.6 3.1c-.6 1.1-1.1 2.2-1.4 3.4l-3.9.5c-.5.1-.9.5-.9 1v4.9c0 .5.4.9.9 1l3.9.4c.3 1.2.8 2.3 1.4 3.3l-2.5 3.1c-.3.4-.3 1 .1 1.3l3.4 3.5c.4.4.9.4 1.3.1l3.1-2.5c1.1.6 2.2 1.1 3.4 1.4l.5 3.9c0 .5.5.9 1 .9h4.9c.5 0 .9-.4 1-.9l.4-3.9c1.2-.3 2.3-.8 3.3-1.4l3.1 2.5c.4.3 1 .3 1.3-.1l3.5-3.5c.3-.3.4-.9 0-1.3zm-15.1-4.5c-3.3 0-6-2.7-6-6s2.7-6 6-6 6 2.7 6 6-2.7 6-6 6z\"><\/path><path d=\"m64.1 45.7-3.3-.4c-.3-.9-.6-1.8-1.1-2.7l2-2.6c.3-.4.3-1-.1-1.3l-2.9-2.9c-.4-.4-.9-.4-1.3-.1l-2.6 2c-.8-.5-1.8-.8-2.7-1.1l-.4-3.3c-.1-.5-.5-.9-1-.9h-4.1c-.5 0-.9.4-1 .9l-.4 3.3c-.9.3-1.8.6-2.7 1.1l-2.6-2c-.4-.3-1-.3-1.3.1l-2.9 2.9c-.4.4-.4.9-.1 1.3l2 2.6c-.5.9-.9 1.8-1.1 2.7l-3.3.4c-.5 0-.9.5-.9 1v4.2c0 .5.4.9.9 1l3.3.4c.3.9.6 1.8 1.1 2.7l-2 2.6c-.3.4-.3 1 .1 1.3l2.9 2.9c.4.4.9.4 1.3.1l2.6-2c.9.5 1.8.8 2.7 1.1l.4 3.2c.1.5.5.9 1 .9h4.1c.5 0 .9-.4 1-.9l.4-3.2c.9-.3 1.8-.6 2.7-1.1l2.6 2c.4.3 1 .3 1.3-.1l2.9-2.9c.4-.4.4-.9.1-1.3l-2-2.6c.5-.9.8-1.8 1.1-2.7l3.3-.4c.5-.1.9-.5.9-1v-4.2c0-.5-.4-1-.9-1zm-15.4 7.8c-2.8 0-5-2.3-5-5 0-2.8 2.2-5 5-5s5 2.2 5 5-2.2 5-5 5z\"><\/path><path d=\"m35.1 18.3 2.8.3c.2.8.5 1.5.9 2.3l-1.7 2.1c-.3.4-.3 1 .1 1.3l2.6 2.6c.4.4.9.4 1.3.1l2.2-1.7c.7.4 1.5.7 2.3.9l.3 2.8c.1.5.5.9 1 .9h3.6c.5 0 .9-.4 1-.9l.3-2.8c.8-.2 1.5-.5 2.3-.9l2.2 1.7c.4.3 1 .3 1.3-.1l2.6-2.6c.4-.4.4-.9.1-1.3l-1.7-2.2c.4-.7.7-1.5.9-2.3l2.8-.3c.5 0 .9-.5.9-1v-3.7c0-.5-.4-.9-.9-1l-2.8-.3c-.2-.8-.5-1.5-.9-2.3l1.7-2.2c.3-.4.3-1-.1-1.3l-2.6-2.6c-.4-.4-.9-.4-1.3-.1l-2.3 1.9c-.7-.4-1.5-.7-2.3-.9l-.3-2.8c0-.5-.4-.9-.9-.9h-3.6c-.5 0-.9.4-1 .9l-.3 2.8c-.8.2-1.5.5-2.3.9l-2.2-1.8c-.4-.3-1-.3-1.3.1l-2.6 2.6c-.4.4-.4.9-.1 1.3l1.7 2.2c-.4.7-.7 1.5-.9 2.3l-2.8.3c-.5.1-.9.5-.9 1v3.7c0 .5.4.9.9 1zm13.6-7.3c2.4 0 4.3 1.9 4.3 4.3s-1.9 4.3-4.3 4.3-4.3-1.9-4.3-4.3 1.9-4.3 4.3-4.3z\"><\/path><\/g><\/svg>\t\t\t\t<\/span>\n\t\t\t<\/div>\n\t\t\t\n\t\t\t\t\t\t<div class=\"elementor-icon-box-content\">\n\n\t\t\t\t\t\t\t\t\t<h3 class=\"elementor-icon-box-title\">\n\t\t\t\t\t\t<span  >\n\t\t\t\t\t\t\tZuverl\u00e4ssig\t\t\t\t\t\t<\/span>\n\t\t\t\t\t<\/h3>\n\t\t\t\t\n\t\t\t\t\n\t\t\t<\/div>\n\t\t\t\n\t\t<\/div>\n\t\t\t\t\t\t<\/div>\n\t\t\t\t<\/div>\n\t\t\t\t\t<\/div>\n\t\t\t\t<\/div>\n\t\t<div class=\"elementor-element elementor-element-cba962a e-flex e-con-boxed e-con e-parent\" data-id=\"cba962a\" data-element_type=\"container\" data-settings=\"{&quot;background_background&quot;:&quot;classic&quot;}\">\n\t\t\t\t\t<div class=\"e-con-inner\">\n\t\t\t\t<div class=\"elementor-element elementor-element-526b366 elementor-widget elementor-widget-gallery\" data-id=\"526b366\" data-element_type=\"widget\" data-settings=\"{&quot;columns&quot;:2,&quot;lazyload&quot;:&quot;yes&quot;,&quot;gallery_layout&quot;:&quot;grid&quot;,&quot;columns_tablet&quot;:2,&quot;columns_mobile&quot;:1,&quot;gap&quot;:{&quot;unit&quot;:&quot;px&quot;,&quot;size&quot;:10,&quot;sizes&quot;:[]},&quot;gap_tablet&quot;:{&quot;unit&quot;:&quot;px&quot;,&quot;size&quot;:10,&quot;sizes&quot;:[]},&quot;gap_mobile&quot;:{&quot;unit&quot;:&quot;px&quot;,&quot;size&quot;:10,&quot;sizes&quot;:[]},&quot;link_to&quot;:&quot;file&quot;,&quot;aspect_ratio&quot;:&quot;3:2&quot;,&quot;content_hover_animation&quot;:&quot;fade-in&quot;}\" data-widget_type=\"gallery.default\">\n\t\t\t\t<div class=\"elementor-widget-container\">\n\t\t\t\t\t\t\t<div class=\"elementor-gallery__container\">\n\t\t\t\t\t\t\t<a class=\"e-gallery-item elementor-gallery-item elementor-animated-content\" href=\"https:\/\/www.daiken.hr\/wp-content\/uploads\/2025\/04\/101793c4-ca8f-45ce-8b54-e41a1870f123.jpg\" data-elementor-open-lightbox=\"yes\" data-elementor-lightbox-slideshow=\"526b366\" data-e-action-hash=\"#elementor-action%3Aaction%3Dlightbox%26settings%3DeyJpZCI6NTE2LCJ1cmwiOiJodHRwczpcL1wvd3d3LmRhaWtlbi5oclwvd3AtY29udGVudFwvdXBsb2Fkc1wvMjAyNVwvMDRcLzEwMTc5M2M0LWNhOGYtNDVjZS04YjU0LWU0MWExODcwZjEyMy5qcGciLCJzbGlkZXNob3ciOiI1MjZiMzY2In0%3D\">\n\t\t\t\t\t<div class=\"e-gallery-image elementor-gallery-item__image\" data-thumbnail=\"https:\/\/www.daiken.hr\/wp-content\/uploads\/2025\/04\/101793c4-ca8f-45ce-8b54-e41a1870f123.jpg\" data-width=\"1600\" data-height=\"1200\" aria-label=\"\" role=\"img\" ><\/div>\n\t\t\t\t\t\t\t\t\t\t\t\t\t\t<\/a>\n\t\t\t\t\t\t\t<a class=\"e-gallery-item elementor-gallery-item elementor-animated-content\" href=\"https:\/\/www.daiken.hr\/wp-content\/uploads\/2025\/04\/teleskop-2-\u2013-kopija-1.jpg\" data-elementor-open-lightbox=\"yes\" data-elementor-lightbox-slideshow=\"526b366\" data-e-action-hash=\"#elementor-action%3Aaction%3Dlightbox%26settings%3DeyJpZCI6NTE0LCJ1cmwiOiJodHRwczpcL1wvd3d3LmRhaWtlbi5oclwvd3AtY29udGVudFwvdXBsb2Fkc1wvMjAyNVwvMDRcL3RlbGVza29wLTItXHUyMDEzLWtvcGlqYS0xLmpwZyIsInNsaWRlc2hvdyI6IjUyNmIzNjYifQ%3D%3D\">\n\t\t\t\t\t<div class=\"e-gallery-image elementor-gallery-item__image\" data-thumbnail=\"https:\/\/www.daiken.hr\/wp-content\/uploads\/2025\/04\/teleskop-2-\u2013-kopija-1.jpg\" data-width=\"969\" data-height=\"1158\" aria-label=\"\" role=\"img\" ><\/div>\n\t\t\t\t\t\t\t\t\t\t\t\t\t\t<\/a>\n\t\t\t\t\t<\/div>\n\t\t\t\t\t<\/div>\n\t\t\t\t<\/div>\n\t\t\t\t\t<\/div>\n\t\t\t\t<\/div>\n\t\t\t\t<\/div>\n\t\t","protected":false},"excerpt":{"rendered":"<p>Teleskopf\u00f6rderer Ideal f\u00fcr die Bef\u00f6rderung von Getreide, Kunstd\u00fcnger und Knollenfr\u00fcchten und wird auch f\u00fcr St\u00fcckgut verwendet. Intelligente Steuerung, keine zus\u00e4tzlichen Betreiber notwendig.Wird f\u00fcr das F\u00fcllen von Bodenlagern sowie die Um- und Beladung von Anh\u00e4ngern, Schiffen und Lastkahnen verwendet. &nbsp; Kr\u00e4ftig Universell Optimiert Zuverl\u00e4ssig<\/p>\n","protected":false},"author":1,"featured_media":0,"parent":0,"menu_order":0,"comment_status":"closed","ping_status":"closed","template":"","meta":{"slim_seo":{"title":"Teleskopf\u00f6rderer - Daiken d.o.o.","description":"Teleskopf\u00f6rderer Ideal f\u00fcr die Bef\u00f6rderung von Getreide, Kunstd\u00fcnger und Knollenfr\u00fcchten und wird auch f\u00fcr St\u00fcckgut verwendet. Intelligente Steuerung, keine zus"},"footnotes":""},"class_list":["post-763","page","type-page","status-publish","hentry"],"blocksy_meta":[],"_links":{"self":[{"href":"https:\/\/www.daiken.hr\/de\/wp-json\/wp\/v2\/pages\/763","targetHints":{"allow":["GET"]}}],"collection":[{"href":"https:\/\/www.daiken.hr\/de\/wp-json\/wp\/v2\/pages"}],"about":[{"href":"https:\/\/www.daiken.hr\/de\/wp-json\/wp\/v2\/types\/page"}],"author":[{"embeddable":true,"href":"https:\/\/www.daiken.hr\/de\/wp-json\/wp\/v2\/users\/1"}],"replies":[{"embeddable":true,"href":"https:\/\/www.daiken.hr\/de\/wp-json\/wp\/v2\/comments?post=763"}],"version-history":[{"count":1,"href":"https:\/\/www.daiken.hr\/de\/wp-json\/wp\/v2\/pages\/763\/revisions"}],"predecessor-version":[{"id":764,"href":"https:\/\/www.daiken.hr\/de\/wp-json\/wp\/v2\/pages\/763\/revisions\/764"}],"wp:attachment":[{"href":"https:\/\/www.daiken.hr\/de\/wp-json\/wp\/v2\/media?parent=763"}],"curies":[{"name":"wp","href":"https:\/\/api.w.org\/{rel}","templated":true}]}}