{"id":765,"date":"2025-04-10T11:30:45","date_gmt":"2025-04-10T11:30:45","guid":{"rendered":"https:\/\/www.daiken.hr\/foerdertechnik-zur-umladung\/"},"modified":"2025-05-20T06:49:58","modified_gmt":"2025-05-20T06:49:58","slug":"foerdertechnik-zur-umladung","status":"publish","type":"page","link":"https:\/\/www.daiken.hr\/de\/foerdertechnik-zur-umladung\/","title":{"rendered":"F\u00f6rdertechnik zur Umladung"},"content":{"rendered":"\t\t<div data-elementor-type=\"wp-page\" data-elementor-id=\"765\" class=\"elementor elementor-765 elementor-32\" data-elementor-post-type=\"page\">\n\t\t\t\t<div class=\"elementor-element elementor-element-a9f061c e-flex e-con-boxed e-con e-parent\" data-id=\"a9f061c\" data-element_type=\"container\" data-settings=\"{&quot;background_background&quot;:&quot;classic&quot;}\">\n\t\t\t\t\t<div class=\"e-con-inner\">\n\t\t<div class=\"elementor-element elementor-element-964fe21 e-con-full e-flex e-con e-child\" data-id=\"964fe21\" data-element_type=\"container\">\n\t\t<div class=\"elementor-element elementor-element-03f4147 e-con-full e-flex e-con e-child\" data-id=\"03f4147\" data-element_type=\"container\">\n\t\t<div class=\"elementor-element elementor-element-8d52d43 e-con-full e-flex e-con e-child\" data-id=\"8d52d43\" data-element_type=\"container\">\n\t\t\t\t<div class=\"elementor-element elementor-element-165bb33 elementor-widget elementor-widget-heading\" data-id=\"165bb33\" data-element_type=\"widget\" data-widget_type=\"heading.default\">\n\t\t\t\t<div class=\"elementor-widget-container\">\n\t\t\t\t\t<h1 class=\"elementor-heading-title elementor-size-default\">F\u00f6rdertechnik zur Umladung<\/h1>\t\t\t\t<\/div>\n\t\t\t\t<\/div>\n\t\t\t\t<\/div>\n\t\t<div class=\"elementor-element elementor-element-899ea02 e-con-full e-flex e-con e-child\" data-id=\"899ea02\" data-element_type=\"container\">\n\t\t\t\t<div class=\"elementor-element elementor-element-2258437 elementor-widget elementor-widget-text-editor\" data-id=\"2258437\" data-element_type=\"widget\" data-widget_type=\"text-editor.default\">\n\t\t\t\t<div class=\"elementor-widget-container\">\n\t\t\t\t\t\t\t\t\t<p>Besondere F\u00f6rdertechnik mit einer F\u00f6rderleistung von bis zu 250 t\/h f\u00fcr die Umladung von Lasten aus Stra\u00dfenfahrzeugen in Waggons. Besonderes Fahrwerk mit Eigenantrieb macht Bewegung in alle Richtungen m\u00f6glich. Seitliche Beladung f\u00fcr die Annahme von zwei Anh\u00e4ngern.<\/p>\n\t\t\t\t\t\t\t\t<\/div>\n\t\t\t\t<\/div>\n\t\t\t\t<\/div>\n\t\t\t\t<\/div>\n\t\t\t\t<\/div>\n\t\t\t\t\t<\/div>\n\t\t\t\t<\/div>\n\t\t<div class=\"elementor-element elementor-element-dcf6236 e-grid e-con-boxed e-con e-parent\" data-id=\"dcf6236\" data-element_type=\"container\" data-settings=\"{&quot;background_background&quot;:&quot;classic&quot;}\">\n\t\t\t\t\t<div class=\"e-con-inner\">\n\t\t\t\t<div class=\"elementor-element elementor-element-386cb62 elementor-view-framed elementor-shape-circle elementor-position-top elementor-mobile-position-top elementor-widget elementor-widget-icon-box\" data-id=\"386cb62\" data-element_type=\"widget\" data-widget_type=\"icon-box.default\">\n\t\t\t\t<div class=\"elementor-widget-container\">\n\t\t\t\t\t\t\t<div class=\"elementor-icon-box-wrapper\">\n\n\t\t\t\t\t\t<div class=\"elementor-icon-box-icon\">\n\t\t\t\t<span  class=\"elementor-icon\">\n\t\t\t\t<svg xmlns=\"http:\/\/www.w3.org\/2000\/svg\" id=\"Layer_1\" height=\"512\" viewBox=\"0 0 512 512\" width=\"512\"><g><path d=\"m241 35.154c-57.822 3.319-112.046 25.788-155.327 64.361l66.936 66.936c25.19-20.971 55.776-33.644 88.391-36.624z\"><\/path><path d=\"m131.389 187.657-66.935-66.935c-38.606 43.269-61.103 97.497-64.443 155.333h94.677c3-32.621 15.7-63.21 36.701-88.398z\"><\/path><path d=\"m417.312 276.055h94.677c-3.34-57.836-25.836-112.064-64.443-155.333l-66.935 66.935c21.001 25.187 33.701 55.777 36.701 88.398z\"><\/path><path d=\"m417.291 306.055c-2.103 23.103-8.696 42.373-16.494 57.83 7.607 11.731 13.949 21.645 18.139 28.229 11.41 17.932 8.884 40.95-6.144 55.979-3.649 3.649-7.817 6.589-12.334 8.762l15.589 15.59c2.934 2.934 6.78 4.401 10.625 4.401 3.846 0 7.691-1.467 10.624-4.401 44.924-44.919 71.119-103.534 74.704-166.39z\"><\/path><path d=\"m94.71 306.055h-94.71c3.585 62.856 29.78 121.471 74.703 166.391 2.934 2.934 6.779 4.401 10.624 4.401s7.691-1.468 10.625-4.401l45.512-45.515c5.867-5.868 5.867-15.382 0-21.25-11.877-11.877-41.794-45.129-46.754-99.626z\"><\/path><path d=\"m426.327 99.515c-43.281-38.574-97.505-61.042-155.327-64.361v94.673c32.614 2.98 63.201 15.653 88.391 36.624z\"><\/path><path d=\"m289.33 257.977c-18.377-18.377-48.279-18.377-66.656 0s-18.377 48.279 0 66.656c23.216 23.216 137.311 96.066 150.245 104.296 5.931 3.775 13.688 2.923 18.66-2.048 4.971-4.971 5.823-12.728 2.048-18.66-8.231-12.933-81.081-127.029-104.297-150.244z\"><\/path><\/g><\/svg>\t\t\t\t<\/span>\n\t\t\t<\/div>\n\t\t\t\n\t\t\t\t\t\t<div class=\"elementor-icon-box-content\">\n\n\t\t\t\t\t\t\t\t\t<h3 class=\"elementor-icon-box-title\">\n\t\t\t\t\t\t<span  >\n\t\t\t\t\t\t\tSchnell\t\t\t\t\t\t<\/span>\n\t\t\t\t\t<\/h3>\n\t\t\t\t\n\t\t\t\t\n\t\t\t<\/div>\n\t\t\t\n\t\t<\/div>\n\t\t\t\t\t\t<\/div>\n\t\t\t\t<\/div>\n\t\t\t\t<div class=\"elementor-element elementor-element-1b0e99f elementor-view-framed elementor-shape-circle elementor-position-top elementor-mobile-position-top elementor-widget elementor-widget-icon-box\" data-id=\"1b0e99f\" data-element_type=\"widget\" data-widget_type=\"icon-box.default\">\n\t\t\t\t<div class=\"elementor-widget-container\">\n\t\t\t\t\t\t\t<div class=\"elementor-icon-box-wrapper\">\n\n\t\t\t\t\t\t<div class=\"elementor-icon-box-icon\">\n\t\t\t\t<span  class=\"elementor-icon\">\n\t\t\t\t<svg xmlns=\"http:\/\/www.w3.org\/2000\/svg\" id=\"Layer_1\" viewBox=\"0 0 512 512\" data-name=\"Layer 1\"><path d=\"m240.161 271.594c4.238 4.246 9.859 6.579 15.839 6.579s11.601-2.333 15.828-6.569c13.239-13.221 43.789-61.122 67.872-99.533-38.469 24.114-86.325 54.633-99.54 67.844-8.733 8.733-8.733 22.944 0 31.678zm15.839-31.349c8.561 0 15.51 6.978 15.51 15.51s-6.949 15.51-15.51 15.51-15.51-6.949-15.51-15.51 6.978-15.51 15.51-15.51zm-111.891 15.509c0 61.697 50.194 111.892 111.892 111.892s111.892-50.194 111.892-111.892c0-18.424-4.37-36.039-12.73-51.914-23.785 37.656-48.469 75.343-62.117 88.973-9.878 9.898-23.041 15.359-37.044 15.359-14.004 0-27.167-5.461-37.063-15.376-20.42-20.421-20.42-53.664.011-74.094 13.624-13.624 51.263-38.274 88.927-62.059-15.918-8.312-33.754-12.78-51.874-12.78-61.697 0-111.892 50.194-111.892 111.891zm64.417-47.474c-26.177 26.177-26.177 68.771 0 94.948 12.684 12.695 29.542 19.685 47.474 19.685s34.79-6.989 47.469-19.68c5.854-5.861 15.353-5.865 21.213-.01 5.861 5.855 5.865 15.353.01 21.213-18.346 18.363-42.742 28.477-68.692 28.477s-50.345-10.113-68.691-28.477c-18.341-18.341-28.445-42.734-28.445-68.682s10.104-50.341 28.45-68.687c5.857-5.858 15.355-5.858 21.213 0s5.858 15.355 0 21.213zm188.564 32.474c-2.502-23.387-10.811-45.916-24.11-65.309.602-.964 1.203-1.925 1.8-2.879 10.033-16.051 18.745-29.988 24.78-39.158l42.074-42.074c37.007 41.661 58.607 93.798 61.905 149.42h-106.448zm-18.883-128.419c-9.124 5.99-22.89 14.593-38.725 24.487-1.044.652-2.096 1.31-3.151 1.969-23.524-16.135-51.657-24.928-80.331-24.928-73.173 0-133.582 55.678-141.099 126.891h-106.439c3.298-55.618 24.9-107.752 61.91-149.415l49.625 49.625c2.929 2.929 6.768 4.394 10.606 4.394s7.678-1.464 10.606-4.394c5.858-5.858 5.858-15.355 0-21.213l-49.623-49.623c41.666-36.993 93.799-58.585 149.414-61.882v70.16c0 8.284 6.716 15 15 15s15-6.716 15-15v-70.161c55.621 3.296 107.756 24.887 149.418 61.878l-42.211 42.211zm125.793 158.419v15.99c0 2.43-1.26 4.686-3.33 5.96l-31.728 19.54-22.425 54.156 8.623 36.232c.562 2.365-.142 4.852-1.86 6.57l-43.831 43.832c-1.719 1.719-4.205 2.423-6.569 1.86l-36.261-8.623-54.128 22.424-19.541 31.729c-1.274 2.069-3.53 3.329-5.96 3.329h-61.98c-2.43 0-4.686-1.26-5.96-3.33l-19.54-31.729-54.128-22.424-36.261 8.623c-2.365.563-4.853-.143-6.571-1.862l-43.802-43.832c-1.718-1.719-2.421-4.205-1.858-6.569l8.622-36.23-22.452-54.157-31.729-19.541c-2.069-1.274-3.329-3.53-3.329-5.96v-15.99h106.901c7.517 71.214 67.926 126.892 141.099 126.892s133.582-55.678 141.099-126.892h106.901z\"><\/path><\/svg>\t\t\t\t<\/span>\n\t\t\t<\/div>\n\t\t\t\n\t\t\t\t\t\t<div class=\"elementor-icon-box-content\">\n\n\t\t\t\t\t\t\t\t\t<h3 class=\"elementor-icon-box-title\">\n\t\t\t\t\t\t<span  >\n\t\t\t\t\t\t\tPraktisch\t\t\t\t\t\t<\/span>\n\t\t\t\t\t<\/h3>\n\t\t\t\t\n\t\t\t\t\n\t\t\t<\/div>\n\t\t\t\n\t\t<\/div>\n\t\t\t\t\t\t<\/div>\n\t\t\t\t<\/div>\n\t\t\t\t<div class=\"elementor-element elementor-element-dde329f elementor-view-framed elementor-shape-circle elementor-position-top elementor-mobile-position-top elementor-widget elementor-widget-icon-box\" data-id=\"dde329f\" data-element_type=\"widget\" data-widget_type=\"icon-box.default\">\n\t\t\t\t<div class=\"elementor-widget-container\">\n\t\t\t\t\t\t\t<div class=\"elementor-icon-box-wrapper\">\n\n\t\t\t\t\t\t<div class=\"elementor-icon-box-icon\">\n\t\t\t\t<span  class=\"elementor-icon\">\n\t\t\t\t<svg xmlns=\"http:\/\/www.w3.org\/2000\/svg\" id=\"Layer_2_00000006703950693442004040000014692783026174887586_\" viewBox=\"0 0 512 512\"><g id=\"Icon\"><path id=\"_39\" d=\"m391.5 335.8 23.9-23.9c6.6-6.6 17.9-1.9 17.9 7.4v92.9c0 11.6-9.4 21-21 21h-92.9c-9.4 0-14.1-11.3-7.4-17.9l23.9-23.9-79.9-79.7-79.8 79.8 23.9 23.9c6.6 6.6 1.9 17.9-7.4 17.9h-93c-11.6 0-21-9.4-21-21v-92.9c0-9.4 11.3-14.1 17.9-7.4l23.9 23.9 79.8-79.8-79.8-79.8-23.9 23.9c-6.6 6.6-17.9 1.9-17.9-7.4v-93.1c0-11.6 9.4-21 21-21h92.9c9.4 0 14.1 11.3 7.4 17.9l-23.9 23.9 79.8 79.8 79.8-79.8-23.9-23.9c-6.6-6.6-1.9-17.9 7.4-17.9h92.9c11.6 0 21 9.4 21 21v92.9c0 9.4-11.3 14.1-17.9 7.4l-23.9-23.9-79.6 79.9z\"><\/path><\/g><\/svg>\t\t\t\t<\/span>\n\t\t\t<\/div>\n\t\t\t\n\t\t\t\t\t\t<div class=\"elementor-icon-box-content\">\n\n\t\t\t\t\t\t\t\t\t<h3 class=\"elementor-icon-box-title\">\n\t\t\t\t\t\t<span  >\n\t\t\t\t\t\t\tMehrere Richtungen\t\t\t\t\t\t<\/span>\n\t\t\t\t\t<\/h3>\n\t\t\t\t\n\t\t\t\t\n\t\t\t<\/div>\n\t\t\t\n\t\t<\/div>\n\t\t\t\t\t\t<\/div>\n\t\t\t\t<\/div>\n\t\t\t\t<div class=\"elementor-element elementor-element-3a04cff elementor-view-framed elementor-shape-circle elementor-position-top elementor-mobile-position-top elementor-widget elementor-widget-icon-box\" data-id=\"3a04cff\" data-element_type=\"widget\" data-widget_type=\"icon-box.default\">\n\t\t\t\t<div class=\"elementor-widget-container\">\n\t\t\t\t\t\t\t<div class=\"elementor-icon-box-wrapper\">\n\n\t\t\t\t\t\t<div class=\"elementor-icon-box-icon\">\n\t\t\t\t<span  class=\"elementor-icon\">\n\t\t\t\t<svg xmlns=\"http:\/\/www.w3.org\/2000\/svg\" id=\"Capa_1\" height=\"512\" viewBox=\"0 0 512 512\" width=\"512\"><g><g><g><path d=\"m425.684 68.778-9.864-55.94c-1.439-8.158-9.219-13.606-17.377-12.167h-.001c-8.158 1.439-13.606 9.219-12.167 17.377l3.477 19.721c-40.034-24.534-86.373-37.769-133.752-37.769-68.38 0-132.667 26.629-181.02 74.98-48.352 48.353-74.98 112.64-74.98 181.02 0 8.284 6.716 15 15 15s15-6.716 15-15c0-124.617 101.383-226 226-226 41.481 0 82.063 11.486 117.203 32.801l-20.838 3.674c-8.158 1.438-13.606 9.218-12.167 17.377 1.439 8.158 9.218 13.606 17.377 12.167l55.942-9.865c8.158-1.438 13.605-9.218 12.167-17.376z\"><\/path><\/g><\/g><path d=\"m419.436 217.87-23.431-5.513c-2.632-8.452-6.027-16.639-10.152-24.483l12.676-20.477c3.664-5.918 2.775-13.58-2.147-18.502l-33.275-33.276c-4.922-4.922-12.584-5.812-18.503-2.147l-20.477 12.677c-7.845-4.126-16.032-7.521-24.483-10.152l-5.513-23.431c-1.595-6.777-7.641-11.566-14.601-11.566h-47.06c-6.961 0-13.007 4.789-14.601 11.564l-5.513 23.431c-8.451 2.632-16.638 6.026-24.483 10.152l-20.477-12.677c-5.919-3.664-13.58-2.775-18.503 2.147l-33.275 33.276c-4.922 4.922-5.811 12.583-2.147 18.502l12.676 20.477c-4.125 7.845-7.52 16.031-10.152 24.483l-23.431 5.513c-6.775 1.596-11.564 7.642-11.564 14.603v47.058c0 6.961 4.789 13.007 11.564 14.601l23.431 5.513c2.632 8.452 6.027 16.639 10.152 24.483l-12.676 20.477c-3.664 5.918-2.775 13.58 2.147 18.501l33.275 33.277c4.922 4.922 12.584 5.812 18.503 2.147l20.477-12.677c7.845 4.126 16.032 7.521 24.483 10.152l5.513 23.431c1.595 6.777 7.641 11.566 14.601 11.566h47.059c6.961 0 13.007-4.789 14.601-11.564l5.513-23.431c8.451-2.632 16.638-6.026 24.483-10.152l20.477 12.677c5.919 3.664 13.58 2.775 18.503-2.147l33.275-33.277c4.922-4.922 5.811-12.583 2.147-18.501l-12.676-20.477c4.125-7.845 7.52-16.032 10.152-24.483l23.431-5.513c6.776-1.594 11.564-7.641 11.564-14.601v-47.058c.001-6.963-4.788-13.009-11.563-14.603zm-163.436 108.13c-38.66 0-70-31.34-70-70s31.34-70 70-70 70 31.34 70 70-31.34 70-70 70z\"><\/path><path d=\"m86.316 443.222 9.864 55.94c1.439 8.158 9.219 13.606 17.377 12.167h.001c8.158-1.439 13.606-9.219 12.167-17.377l-3.477-19.721c40.034 24.534 86.373 37.769 133.752 37.769 68.38 0 132.667-26.629 181.02-74.98 48.352-48.353 74.98-112.64 74.98-181.02 0-8.284-6.716-15-15-15s-15 6.716-15 15c0 124.617-101.383 226-226 226-41.481 0-82.063-11.486-117.203-32.801l20.838-3.674c8.158-1.438 13.606-9.218 12.167-17.377-1.439-8.158-9.218-13.606-17.377-12.167l-55.942 9.865c-8.158 1.438-13.605 9.218-12.167 17.376z\"><\/path><\/g><\/svg>\t\t\t\t<\/span>\n\t\t\t<\/div>\n\t\t\t\n\t\t\t\t\t\t<div class=\"elementor-icon-box-content\">\n\n\t\t\t\t\t\t\t\t\t<h3 class=\"elementor-icon-box-title\">\n\t\t\t\t\t\t<span  >\n\t\t\t\t\t\t\tEinfach\t\t\t\t\t\t<\/span>\n\t\t\t\t\t<\/h3>\n\t\t\t\t\n\t\t\t\t\n\t\t\t<\/div>\n\t\t\t\n\t\t<\/div>\n\t\t\t\t\t\t<\/div>\n\t\t\t\t<\/div>\n\t\t\t\t\t<\/div>\n\t\t\t\t<\/div>\n\t\t<div class=\"elementor-element elementor-element-d801ea4 e-flex e-con-boxed e-con e-parent\" data-id=\"d801ea4\" data-element_type=\"container\" data-settings=\"{&quot;background_background&quot;:&quot;classic&quot;}\">\n\t\t\t\t\t<div class=\"e-con-inner\">\n\t\t\t\t<div class=\"elementor-element elementor-element-f0582bc elementor-widget elementor-widget-gallery\" data-id=\"f0582bc\" data-element_type=\"widget\" data-settings=\"{&quot;columns&quot;:2,&quot;lazyload&quot;:&quot;yes&quot;,&quot;gallery_layout&quot;:&quot;grid&quot;,&quot;columns_tablet&quot;:2,&quot;columns_mobile&quot;:1,&quot;gap&quot;:{&quot;unit&quot;:&quot;px&quot;,&quot;size&quot;:10,&quot;sizes&quot;:[]},&quot;gap_tablet&quot;:{&quot;unit&quot;:&quot;px&quot;,&quot;size&quot;:10,&quot;sizes&quot;:[]},&quot;gap_mobile&quot;:{&quot;unit&quot;:&quot;px&quot;,&quot;size&quot;:10,&quot;sizes&quot;:[]},&quot;link_to&quot;:&quot;file&quot;,&quot;aspect_ratio&quot;:&quot;3:2&quot;,&quot;content_hover_animation&quot;:&quot;fade-in&quot;}\" data-widget_type=\"gallery.default\">\n\t\t\t\t<div class=\"elementor-widget-container\">\n\t\t\t\t\t\t\t<div class=\"elementor-gallery__container\">\n\t\t\t\t\t\t\t<a class=\"e-gallery-item elementor-gallery-item elementor-animated-content\" href=\"https:\/\/www.daiken.hr\/wp-content\/uploads\/2025\/05\/20200828_104843-scaled.jpg\" data-elementor-open-lightbox=\"yes\" data-elementor-lightbox-slideshow=\"f0582bc\" data-e-action-hash=\"#elementor-action%3Aaction%3Dlightbox%26settings%3DeyJpZCI6OTQ2LCJ1cmwiOiJodHRwczpcL1wvd3d3LmRhaWtlbi5oclwvd3AtY29udGVudFwvdXBsb2Fkc1wvMjAyNVwvMDVcLzIwMjAwODI4XzEwNDg0My1zY2FsZWQuanBnIiwic2xpZGVzaG93IjoiZjA1ODJiYyJ9\">\n\t\t\t\t\t<div class=\"e-gallery-image elementor-gallery-item__image\" data-thumbnail=\"https:\/\/www.daiken.hr\/wp-content\/uploads\/2025\/05\/20200828_104843-scaled.jpg\" data-width=\"2560\" data-height=\"1920\" aria-label=\"\" role=\"img\" ><\/div>\n\t\t\t\t\t\t\t\t\t\t\t\t\t\t<\/a>\n\t\t\t\t\t\t\t<a class=\"e-gallery-item elementor-gallery-item elementor-animated-content\" href=\"https:\/\/www.daiken.hr\/wp-content\/uploads\/2025\/04\/8228c3fd-8f22-4a64-9b98-ddfe2fcda0a5.png\" data-elementor-open-lightbox=\"yes\" data-elementor-lightbox-slideshow=\"f0582bc\" data-e-action-hash=\"#elementor-action%3Aaction%3Dlightbox%26settings%3DeyJpZCI6NTIzLCJ1cmwiOiJodHRwczpcL1wvd3d3LmRhaWtlbi5oclwvd3AtY29udGVudFwvdXBsb2Fkc1wvMjAyNVwvMDRcLzgyMjhjM2ZkLThmMjItNGE2NC05Yjk4LWRkZmUyZmNkYTBhNS5wbmciLCJzbGlkZXNob3ciOiJmMDU4MmJjIn0%3D\">\n\t\t\t\t\t<div class=\"e-gallery-image elementor-gallery-item__image\" data-thumbnail=\"https:\/\/www.daiken.hr\/wp-content\/uploads\/2025\/04\/8228c3fd-8f22-4a64-9b98-ddfe2fcda0a5.png\" data-width=\"1657\" data-height=\"871\" aria-label=\"\" role=\"img\" ><\/div>\n\t\t\t\t\t\t\t\t\t\t\t\t\t\t<\/a>\n\t\t\t\t\t\t\t<a class=\"e-gallery-item elementor-gallery-item elementor-animated-content\" href=\"https:\/\/www.daiken.hr\/wp-content\/uploads\/2025\/04\/ebc79adb-c13e-468d-8224-322c21eeaea9.png\" data-elementor-open-lightbox=\"yes\" data-elementor-lightbox-slideshow=\"f0582bc\" data-e-action-hash=\"#elementor-action%3Aaction%3Dlightbox%26settings%3DeyJpZCI6NTI0LCJ1cmwiOiJodHRwczpcL1wvd3d3LmRhaWtlbi5oclwvd3AtY29udGVudFwvdXBsb2Fkc1wvMjAyNVwvMDRcL2ViYzc5YWRiLWMxM2UtNDY4ZC04MjI0LTMyMmMyMWVlYWVhOS5wbmciLCJzbGlkZXNob3ciOiJmMDU4MmJjIn0%3D\">\n\t\t\t\t\t<div class=\"e-gallery-image elementor-gallery-item__image\" data-thumbnail=\"https:\/\/www.daiken.hr\/wp-content\/uploads\/2025\/04\/ebc79adb-c13e-468d-8224-322c21eeaea9.png\" data-width=\"436\" data-height=\"267\" aria-label=\"\" role=\"img\" ><\/div>\n\t\t\t\t\t\t\t\t\t\t\t\t\t\t<\/a>\n\t\t\t\t\t\t\t<a class=\"e-gallery-item elementor-gallery-item elementor-animated-content\" href=\"https:\/\/www.daiken.hr\/wp-content\/uploads\/2025\/04\/3fcddc58-3862-4dcb-b154-ba2ed97e4027.png\" data-elementor-open-lightbox=\"yes\" data-elementor-lightbox-slideshow=\"f0582bc\" data-e-action-hash=\"#elementor-action%3Aaction%3Dlightbox%26settings%3DeyJpZCI6NTI1LCJ1cmwiOiJodHRwczpcL1wvd3d3LmRhaWtlbi5oclwvd3AtY29udGVudFwvdXBsb2Fkc1wvMjAyNVwvMDRcLzNmY2RkYzU4LTM4NjItNGRjYi1iMTU0LWJhMmVkOTdlNDAyNy5wbmciLCJzbGlkZXNob3ciOiJmMDU4MmJjIn0%3D\">\n\t\t\t\t\t<div class=\"e-gallery-image elementor-gallery-item__image\" data-thumbnail=\"https:\/\/www.daiken.hr\/wp-content\/uploads\/2025\/04\/3fcddc58-3862-4dcb-b154-ba2ed97e4027.png\" data-width=\"462\" data-height=\"309\" aria-label=\"\" role=\"img\" ><\/div>\n\t\t\t\t\t\t\t\t\t\t\t\t\t\t<\/a>\n\t\t\t\t\t<\/div>\n\t\t\t\t\t<\/div>\n\t\t\t\t<\/div>\n\t\t\t\t\t<\/div>\n\t\t\t\t<\/div>\n\t\t\t\t<\/div>\n\t\t","protected":false},"excerpt":{"rendered":"<p>F\u00f6rdertechnik zur Umladung Besondere F\u00f6rdertechnik mit einer F\u00f6rderleistung von bis zu 250 t\/h f\u00fcr die Umladung von Lasten aus Stra\u00dfenfahrzeugen in Waggons. Besonderes Fahrwerk mit Eigenantrieb macht Bewegung in alle Richtungen m\u00f6glich. Seitliche Beladung f\u00fcr die Annahme von zwei Anh\u00e4ngern. Schnell Praktisch Mehrere Richtungen Einfach<\/p>\n","protected":false},"author":1,"featured_media":0,"parent":0,"menu_order":0,"comment_status":"closed","ping_status":"closed","template":"","meta":{"slim_seo":{"title":"F\u00f6rdertechnik zur Umladung - Daiken d.o.o.","description":"F\u00f6rdertechnik zur Umladung Besondere F\u00f6rdertechnik mit einer F\u00f6rderleistung von bis zu 250 t\/h f\u00fcr die Umladung von Lasten aus Stra\u00dfenfahrzeugen in Waggons. Bes"},"footnotes":""},"class_list":["post-765","page","type-page","status-publish","hentry"],"blocksy_meta":[],"_links":{"self":[{"href":"https:\/\/www.daiken.hr\/de\/wp-json\/wp\/v2\/pages\/765","targetHints":{"allow":["GET"]}}],"collection":[{"href":"https:\/\/www.daiken.hr\/de\/wp-json\/wp\/v2\/pages"}],"about":[{"href":"https:\/\/www.daiken.hr\/de\/wp-json\/wp\/v2\/types\/page"}],"author":[{"embeddable":true,"href":"https:\/\/www.daiken.hr\/de\/wp-json\/wp\/v2\/users\/1"}],"replies":[{"embeddable":true,"href":"https:\/\/www.daiken.hr\/de\/wp-json\/wp\/v2\/comments?post=765"}],"version-history":[{"count":2,"href":"https:\/\/www.daiken.hr\/de\/wp-json\/wp\/v2\/pages\/765\/revisions"}],"predecessor-version":[{"id":957,"href":"https:\/\/www.daiken.hr\/de\/wp-json\/wp\/v2\/pages\/765\/revisions\/957"}],"wp:attachment":[{"href":"https:\/\/www.daiken.hr\/de\/wp-json\/wp\/v2\/media?parent=765"}],"curies":[{"name":"wp","href":"https:\/\/api.w.org\/{rel}","templated":true}]}}