{"id":767,"date":"2025-04-10T11:31:16","date_gmt":"2025-04-10T11:31:16","guid":{"rendered":"https:\/\/www.daiken.hr\/annahmefoerderer\/"},"modified":"2025-05-09T10:01:15","modified_gmt":"2025-05-09T10:01:15","slug":"annahmefoerderer","status":"publish","type":"page","link":"https:\/\/www.daiken.hr\/de\/annahmefoerderer\/","title":{"rendered":"Annahmef\u00f6rderer"},"content":{"rendered":"\t\t<div data-elementor-type=\"wp-page\" data-elementor-id=\"767\" class=\"elementor elementor-767 elementor-36\" data-elementor-post-type=\"page\">\n\t\t\t\t<div class=\"elementor-element elementor-element-abcfe92 e-flex e-con-boxed e-con e-parent\" data-id=\"abcfe92\" data-element_type=\"container\" data-settings=\"{&quot;background_background&quot;:&quot;classic&quot;}\">\n\t\t\t\t\t<div class=\"e-con-inner\">\n\t\t<div class=\"elementor-element elementor-element-a5f6353 e-con-full e-flex e-con e-child\" data-id=\"a5f6353\" data-element_type=\"container\">\n\t\t<div class=\"elementor-element elementor-element-83aaf11 e-con-full e-flex e-con e-child\" data-id=\"83aaf11\" data-element_type=\"container\">\n\t\t<div class=\"elementor-element elementor-element-3b45f63 e-con-full e-flex e-con e-child\" data-id=\"3b45f63\" data-element_type=\"container\">\n\t\t\t\t<div class=\"elementor-element elementor-element-ed57b8a elementor-widget elementor-widget-heading\" data-id=\"ed57b8a\" data-element_type=\"widget\" data-widget_type=\"heading.default\">\n\t\t\t\t<div class=\"elementor-widget-container\">\n\t\t\t\t\t<h1 class=\"elementor-heading-title elementor-size-default\">Annahmef\u00f6rderer<\/h1>\t\t\t\t<\/div>\n\t\t\t\t<\/div>\n\t\t\t\t<\/div>\n\t\t<div class=\"elementor-element elementor-element-9d65b89 e-con-full e-flex e-con e-child\" data-id=\"9d65b89\" data-element_type=\"container\">\n\t\t\t\t<div class=\"elementor-element elementor-element-e0ba312 elementor-widget elementor-widget-text-editor\" data-id=\"e0ba312\" data-element_type=\"widget\" data-widget_type=\"text-editor.default\">\n\t\t\t\t<div class=\"elementor-widget-container\">\n\t\t\t\t\t\t\t\t\t<p>Entladen und fertig! Entladung in 3-5 Minuten. Diese Annahmestationen sind ideal f\u00fcr die Umladung von Material, wenn ein schneller Durchfluss von Wagen, die Waren zuliefern, gefragt ist. F\u00fcr alle Materialarten geeignet.<\/p>\n<p>&nbsp;<\/p>\n\t\t\t\t\t\t\t\t<\/div>\n\t\t\t\t<\/div>\n\t\t\t\t<\/div>\n\t\t\t\t<\/div>\n\t\t\t\t<\/div>\n\t\t\t\t\t<\/div>\n\t\t\t\t<\/div>\n\t\t<div class=\"elementor-element elementor-element-a935d73 e-grid e-con-boxed e-con e-parent\" data-id=\"a935d73\" data-element_type=\"container\" data-settings=\"{&quot;background_background&quot;:&quot;classic&quot;}\">\n\t\t\t\t\t<div class=\"e-con-inner\">\n\t\t\t\t<div class=\"elementor-element elementor-element-7b79b00 elementor-view-framed elementor-shape-circle elementor-position-top elementor-mobile-position-top elementor-widget elementor-widget-icon-box\" data-id=\"7b79b00\" data-element_type=\"widget\" data-widget_type=\"icon-box.default\">\n\t\t\t\t<div class=\"elementor-widget-container\">\n\t\t\t\t\t\t\t<div class=\"elementor-icon-box-wrapper\">\n\n\t\t\t\t\t\t<div class=\"elementor-icon-box-icon\">\n\t\t\t\t<span  class=\"elementor-icon\">\n\t\t\t\t<svg xmlns=\"http:\/\/www.w3.org\/2000\/svg\" id=\"Layer_1\" height=\"512\" viewBox=\"0 0 512 512\" width=\"512\"><g><path d=\"m241 35.154c-57.822 3.319-112.046 25.788-155.327 64.361l66.936 66.936c25.19-20.971 55.776-33.644 88.391-36.624z\"><\/path><path d=\"m131.389 187.657-66.935-66.935c-38.606 43.269-61.103 97.497-64.443 155.333h94.677c3-32.621 15.7-63.21 36.701-88.398z\"><\/path><path d=\"m417.312 276.055h94.677c-3.34-57.836-25.836-112.064-64.443-155.333l-66.935 66.935c21.001 25.187 33.701 55.777 36.701 88.398z\"><\/path><path d=\"m417.291 306.055c-2.103 23.103-8.696 42.373-16.494 57.83 7.607 11.731 13.949 21.645 18.139 28.229 11.41 17.932 8.884 40.95-6.144 55.979-3.649 3.649-7.817 6.589-12.334 8.762l15.589 15.59c2.934 2.934 6.78 4.401 10.625 4.401 3.846 0 7.691-1.467 10.624-4.401 44.924-44.919 71.119-103.534 74.704-166.39z\"><\/path><path d=\"m94.71 306.055h-94.71c3.585 62.856 29.78 121.471 74.703 166.391 2.934 2.934 6.779 4.401 10.624 4.401s7.691-1.468 10.625-4.401l45.512-45.515c5.867-5.868 5.867-15.382 0-21.25-11.877-11.877-41.794-45.129-46.754-99.626z\"><\/path><path d=\"m426.327 99.515c-43.281-38.574-97.505-61.042-155.327-64.361v94.673c32.614 2.98 63.201 15.653 88.391 36.624z\"><\/path><path d=\"m289.33 257.977c-18.377-18.377-48.279-18.377-66.656 0s-18.377 48.279 0 66.656c23.216 23.216 137.311 96.066 150.245 104.296 5.931 3.775 13.688 2.923 18.66-2.048 4.971-4.971 5.823-12.728 2.048-18.66-8.231-12.933-81.081-127.029-104.297-150.244z\"><\/path><\/g><\/svg>\t\t\t\t<\/span>\n\t\t\t<\/div>\n\t\t\t\n\t\t\t\t\t\t<div class=\"elementor-icon-box-content\">\n\n\t\t\t\t\t\t\t\t\t<h3 class=\"elementor-icon-box-title\">\n\t\t\t\t\t\t<span  >\n\t\t\t\t\t\t\tKr\u00e4ftig\t\t\t\t\t\t<\/span>\n\t\t\t\t\t<\/h3>\n\t\t\t\t\n\t\t\t\t\n\t\t\t<\/div>\n\t\t\t\n\t\t<\/div>\n\t\t\t\t\t\t<\/div>\n\t\t\t\t<\/div>\n\t\t\t\t<div class=\"elementor-element elementor-element-c565de2 elementor-view-framed elementor-shape-circle elementor-position-top elementor-mobile-position-top elementor-widget elementor-widget-icon-box\" data-id=\"c565de2\" data-element_type=\"widget\" data-widget_type=\"icon-box.default\">\n\t\t\t\t<div class=\"elementor-widget-container\">\n\t\t\t\t\t\t\t<div class=\"elementor-icon-box-wrapper\">\n\n\t\t\t\t\t\t<div class=\"elementor-icon-box-icon\">\n\t\t\t\t<span  class=\"elementor-icon\">\n\t\t\t\t<svg xmlns=\"http:\/\/www.w3.org\/2000\/svg\" id=\"Capa_1\" height=\"512\" viewBox=\"0 0 512 512\" width=\"512\"><g><path d=\"m511.231 432.007c-.305-.914-30.984-92.431-76.127-182.715-26.752-53.506-53.361-96.289-79.088-127.16-34.218-41.062-67.868-61.882-100.016-61.882s-65.798 20.82-100.016 61.882c-25.727 30.872-52.336 73.654-79.088 127.16-45.142 90.284-75.822 181.801-76.126 182.715-1.524 4.574-.758 9.602 2.062 13.514s7.347 6.229 12.168 6.229h482c4.821 0 9.35-2.318 12.169-6.229s3.586-8.94 2.062-13.514zm-375.731-40.507c-8.409 0-14.636-6.873-15-15-.363-8.101 7.154-15 15-15 8.409 0 14.636 6.873 15 15 .363 8.101-7.154 15-15 15zm30.125-84.75c-8.409 0-14.636-6.873-15-15-.363-8.101 7.154-15 15-15 8.409 0 14.636 6.873 15 15 .363 8.101-7.154 15-15 15zm30.125-96c-8.409 0-14.636-6.873-15-15-.363-8.101 7.154-15 15-15 8.409 0 14.636 6.873 15 15 .363 8.101-7.154 15-15 15zm30.125 150.625c-8.409 0-14.636-6.873-15-15-.363-8.101 7.154-15 15-15 8.409 0 14.636 6.873 15 15 .363 8.101-7.154 15-15 15zm30.125-120.5c-8.409 0-14.636-6.873-15-15-.363-8.101 7.154-15 15-15 8.409 0 14.636 6.873 15 15 .363 8.101-7.154 15-15 15zm30.125 60.25c-8.409 0-14.636-6.873-15-15-.363-8.101 7.154-15 15-15 8.409 0 14.636 6.873 15 15 .363 8.101-7.154 15-15 15zm0-120.5c-8.409 0-14.636-6.873-15-15-.363-8.101 7.154-15 15-15 8.409 0 14.636 6.873 15 15 .363 8.101-7.154 15-15 15zm30.125 214.75c-8.409 0-14.636-6.873-15-15-.363-8.101 7.154-15 15-15 8.409 0 14.636 6.873 15 15 .363 8.101-7.154 15-15 15zm30.125-64.125c-8.409 0-14.636-6.873-15-15-.363-8.101 7.154-15 15-15 8.409 0 14.636 6.873 15 15 .363 8.101-7.154 15-15 15zm0-85.5c-8.409 0-14.636-6.873-15-15-.363-8.101 7.154-15 15-15 8.409 0 14.636 6.873 15 15 .363 8.101-7.154 15-15 15zm60.25 145.75c-8.409 0-14.636-6.873-15-15-.363-8.101 7.154-15 15-15 8.409 0 14.636 6.873 15 15 .363 8.101-7.154 15-15 15z\"><\/path><\/g><\/svg>\t\t\t\t<\/span>\n\t\t\t<\/div>\n\t\t\t\n\t\t\t\t\t\t<div class=\"elementor-icon-box-content\">\n\n\t\t\t\t\t\t\t\t\t<h3 class=\"elementor-icon-box-title\">\n\t\t\t\t\t\t<span  >\n\t\t\t\t\t\t\tBis 700t\/h\t\t\t\t\t\t<\/span>\n\t\t\t\t\t<\/h3>\n\t\t\t\t\n\t\t\t\t\n\t\t\t<\/div>\n\t\t\t\n\t\t<\/div>\n\t\t\t\t\t\t<\/div>\n\t\t\t\t<\/div>\n\t\t\t\t<div class=\"elementor-element elementor-element-19a7394 elementor-view-framed elementor-shape-circle elementor-position-top elementor-mobile-position-top elementor-widget elementor-widget-icon-box\" data-id=\"19a7394\" data-element_type=\"widget\" data-widget_type=\"icon-box.default\">\n\t\t\t\t<div class=\"elementor-widget-container\">\n\t\t\t\t\t\t\t<div class=\"elementor-icon-box-wrapper\">\n\n\t\t\t\t\t\t<div class=\"elementor-icon-box-icon\">\n\t\t\t\t<span  class=\"elementor-icon\">\n\t\t\t\t<svg xmlns=\"http:\/\/www.w3.org\/2000\/svg\" xmlns:xlink=\"http:\/\/www.w3.org\/1999\/xlink\" id=\"Capa_1\" x=\"0px\" y=\"0px\" width=\"46.164px\" height=\"46.164px\" viewBox=\"0 0 46.164 46.164\" style=\"enable-background:new 0 0 46.164 46.164;\" xml:space=\"preserve\"><g>\t<path d=\"M45.153,40.657l-4.03-24.075c-0.379-2.27-2.345-3.929-4.646-3.929h-6.055c0.71-1.237,1.116-2.67,1.116-4.196   C31.538,3.794,27.745,0,23.081,0c-4.663,0-8.457,3.794-8.457,8.457c0,1.526,0.406,2.959,1.116,4.196H9.685   c-2.302,0-4.267,1.661-4.646,3.931L1.01,40.662c-0.229,1.365,0.156,2.77,1.051,3.826c0.896,1.057,2.21,1.676,3.596,1.676h34.852   c1.386,0,2.7-0.619,3.596-1.676C44.999,43.43,45.383,42.023,45.153,40.657z M23.082,4.927c1.946,0,3.53,1.584,3.53,3.531   c0,1.947-1.584,3.53-3.53,3.53c-1.947,0-3.531-1.584-3.531-3.531S21.135,4.927,23.082,4.927z\"><\/path><\/g><g><\/g><g><\/g><g><\/g><g><\/g><g><\/g><g><\/g><g><\/g><g><\/g><g><\/g><g><\/g><g><\/g><g><\/g><g><\/g><g><\/g><g><\/g><\/svg>\t\t\t\t<\/span>\n\t\t\t<\/div>\n\t\t\t\n\t\t\t\t\t\t<div class=\"elementor-icon-box-content\">\n\n\t\t\t\t\t\t\t\t\t<h3 class=\"elementor-icon-box-title\">\n\t\t\t\t\t\t<span  >\n\t\t\t\t\t\t\tBis 50 m3\t\t\t\t\t\t<\/span>\n\t\t\t\t\t<\/h3>\n\t\t\t\t\n\t\t\t\t\n\t\t\t<\/div>\n\t\t\t\n\t\t<\/div>\n\t\t\t\t\t\t<\/div>\n\t\t\t\t<\/div>\n\t\t\t\t<div class=\"elementor-element elementor-element-32cfb7d elementor-view-framed elementor-shape-circle elementor-position-top elementor-mobile-position-top elementor-widget elementor-widget-icon-box\" data-id=\"32cfb7d\" data-element_type=\"widget\" data-widget_type=\"icon-box.default\">\n\t\t\t\t<div class=\"elementor-widget-container\">\n\t\t\t\t\t\t\t<div class=\"elementor-icon-box-wrapper\">\n\n\t\t\t\t\t\t<div class=\"elementor-icon-box-icon\">\n\t\t\t\t<span  class=\"elementor-icon\">\n\t\t\t\t<svg xmlns=\"http:\/\/www.w3.org\/2000\/svg\" xmlns:xlink=\"http:\/\/www.w3.org\/1999\/xlink\" id=\"Capa_1\" x=\"0px\" y=\"0px\" viewBox=\"0 0 511.985 511.985\" style=\"enable-background:new 0 0 511.985 511.985;\" xml:space=\"preserve\"><g>\t<g>\t\t<path d=\"M500.088,83.681c-15.841-15.862-41.564-15.852-57.426,0L184.205,342.148L69.332,227.276    c-15.862-15.862-41.574-15.862-57.436,0c-15.862,15.862-15.862,41.574,0,57.436l143.585,143.585    c7.926,7.926,18.319,11.899,28.713,11.899c10.394,0,20.797-3.963,28.723-11.899l287.171-287.181    C515.95,125.265,515.95,99.542,500.088,83.681z\"><\/path>\t<\/g><\/g><g><\/g><g><\/g><g><\/g><g><\/g><g><\/g><g><\/g><g><\/g><g><\/g><g><\/g><g><\/g><g><\/g><g><\/g><g><\/g><g><\/g><g><\/g><\/svg>\t\t\t\t<\/span>\n\t\t\t<\/div>\n\t\t\t\n\t\t\t\t\t\t<div class=\"elementor-icon-box-content\">\n\n\t\t\t\t\t\t\t\t\t<h3 class=\"elementor-icon-box-title\">\n\t\t\t\t\t\t<span  >\n\t\t\t\t\t\t\tPraktisch\t\t\t\t\t\t<\/span>\n\t\t\t\t\t<\/h3>\n\t\t\t\t\n\t\t\t\t\n\t\t\t<\/div>\n\t\t\t\n\t\t<\/div>\n\t\t\t\t\t\t<\/div>\n\t\t\t\t<\/div>\n\t\t\t\t\t<\/div>\n\t\t\t\t<\/div>\n\t\t<div class=\"elementor-element elementor-element-b069f2a e-flex e-con-boxed e-con e-parent\" data-id=\"b069f2a\" data-element_type=\"container\" data-settings=\"{&quot;background_background&quot;:&quot;classic&quot;}\">\n\t\t\t\t\t<div class=\"e-con-inner\">\n\t\t\t\t<div class=\"elementor-element elementor-element-3f64955 elementor-widget elementor-widget-gallery\" data-id=\"3f64955\" data-element_type=\"widget\" data-settings=\"{&quot;columns&quot;:2,&quot;lazyload&quot;:&quot;yes&quot;,&quot;gallery_layout&quot;:&quot;grid&quot;,&quot;columns_tablet&quot;:2,&quot;columns_mobile&quot;:1,&quot;gap&quot;:{&quot;unit&quot;:&quot;px&quot;,&quot;size&quot;:10,&quot;sizes&quot;:[]},&quot;gap_tablet&quot;:{&quot;unit&quot;:&quot;px&quot;,&quot;size&quot;:10,&quot;sizes&quot;:[]},&quot;gap_mobile&quot;:{&quot;unit&quot;:&quot;px&quot;,&quot;size&quot;:10,&quot;sizes&quot;:[]},&quot;link_to&quot;:&quot;file&quot;,&quot;aspect_ratio&quot;:&quot;3:2&quot;,&quot;content_hover_animation&quot;:&quot;fade-in&quot;}\" data-widget_type=\"gallery.default\">\n\t\t\t\t<div class=\"elementor-widget-container\">\n\t\t\t\t\t\t\t<div class=\"elementor-gallery__container\">\n\t\t\t\t\t\t\t<a class=\"e-gallery-item elementor-gallery-item elementor-animated-content\" href=\"https:\/\/www.daiken.hr\/wp-content\/uploads\/2025\/04\/DSCN0140-scaled.jpg\" data-elementor-open-lightbox=\"yes\" data-elementor-lightbox-slideshow=\"3f64955\" data-e-action-hash=\"#elementor-action%3Aaction%3Dlightbox%26settings%3DeyJpZCI6NTM5LCJ1cmwiOiJodHRwczpcL1wvd3d3LmRhaWtlbi5oclwvd3AtY29udGVudFwvdXBsb2Fkc1wvMjAyNVwvMDRcL0RTQ04wMTQwLXNjYWxlZC5qcGciLCJzbGlkZXNob3ciOiIzZjY0OTU1In0%3D\">\n\t\t\t\t\t<div class=\"e-gallery-image elementor-gallery-item__image\" data-thumbnail=\"https:\/\/www.daiken.hr\/wp-content\/uploads\/2025\/04\/DSCN0140-scaled.jpg\" data-width=\"2560\" data-height=\"1920\" aria-label=\"\" role=\"img\" ><\/div>\n\t\t\t\t\t\t\t\t\t\t\t\t\t\t<\/a>\n\t\t\t\t\t\t\t<a class=\"e-gallery-item elementor-gallery-item elementor-animated-content\" href=\"https:\/\/www.daiken.hr\/wp-content\/uploads\/2025\/04\/185373-16058478.jpg\" data-elementor-open-lightbox=\"yes\" data-elementor-lightbox-slideshow=\"3f64955\" data-e-action-hash=\"#elementor-action%3Aaction%3Dlightbox%26settings%3DeyJpZCI6NTQwLCJ1cmwiOiJodHRwczpcL1wvd3d3LmRhaWtlbi5oclwvd3AtY29udGVudFwvdXBsb2Fkc1wvMjAyNVwvMDRcLzE4NTM3My0xNjA1ODQ3OC5qcGciLCJzbGlkZXNob3ciOiIzZjY0OTU1In0%3D\">\n\t\t\t\t\t<div class=\"e-gallery-image elementor-gallery-item__image\" data-thumbnail=\"https:\/\/www.daiken.hr\/wp-content\/uploads\/2025\/04\/185373-16058478.jpg\" data-width=\"500\" data-height=\"500\" aria-label=\"\" role=\"img\" ><\/div>\n\t\t\t\t\t\t\t\t\t\t\t\t\t\t<\/a>\n\t\t\t\t\t\t\t<a class=\"e-gallery-item elementor-gallery-item elementor-animated-content\" href=\"https:\/\/www.daiken.hr\/wp-content\/uploads\/2025\/04\/961acb1b-1e74-445f-9279-e6fcdc3f3cac.jpg\" data-elementor-open-lightbox=\"yes\" data-elementor-lightbox-slideshow=\"3f64955\" data-e-action-hash=\"#elementor-action%3Aaction%3Dlightbox%26settings%3DeyJpZCI6NTQyLCJ1cmwiOiJodHRwczpcL1wvd3d3LmRhaWtlbi5oclwvd3AtY29udGVudFwvdXBsb2Fkc1wvMjAyNVwvMDRcLzk2MWFjYjFiLTFlNzQtNDQ1Zi05Mjc5LWU2ZmNkYzNmM2NhYy5qcGciLCJzbGlkZXNob3ciOiIzZjY0OTU1In0%3D\">\n\t\t\t\t\t<div class=\"e-gallery-image elementor-gallery-item__image\" data-thumbnail=\"https:\/\/www.daiken.hr\/wp-content\/uploads\/2025\/04\/961acb1b-1e74-445f-9279-e6fcdc3f3cac.jpg\" data-width=\"1213\" data-height=\"909\" aria-label=\"\" role=\"img\" ><\/div>\n\t\t\t\t\t\t\t\t\t\t\t\t\t\t<\/a>\n\t\t\t\t\t\t\t<a class=\"e-gallery-item elementor-gallery-item elementor-animated-content\" href=\"https:\/\/www.daiken.hr\/wp-content\/uploads\/2025\/04\/014563ba-6fc1-4920-b2dd-66dcc9f36c2d.jpg\" data-elementor-open-lightbox=\"yes\" data-elementor-lightbox-slideshow=\"3f64955\" data-e-action-hash=\"#elementor-action%3Aaction%3Dlightbox%26settings%3DeyJpZCI6NTQzLCJ1cmwiOiJodHRwczpcL1wvd3d3LmRhaWtlbi5oclwvd3AtY29udGVudFwvdXBsb2Fkc1wvMjAyNVwvMDRcLzAxNDU2M2JhLTZmYzEtNDkyMC1iMmRkLTY2ZGNjOWYzNmMyZC5qcGciLCJzbGlkZXNob3ciOiIzZjY0OTU1In0%3D\">\n\t\t\t\t\t<div class=\"e-gallery-image elementor-gallery-item__image\" data-thumbnail=\"https:\/\/www.daiken.hr\/wp-content\/uploads\/2025\/04\/014563ba-6fc1-4920-b2dd-66dcc9f36c2d.jpg\" data-width=\"604\" data-height=\"453\" aria-label=\"\" role=\"img\" ><\/div>\n\t\t\t\t\t\t\t\t\t\t\t\t\t\t<\/a>\n\t\t\t\t\t<\/div>\n\t\t\t\t\t<\/div>\n\t\t\t\t<\/div>\n\t\t\t\t\t<\/div>\n\t\t\t\t<\/div>\n\t\t\t\t<\/div>\n\t\t","protected":false},"excerpt":{"rendered":"<p>Annahmef\u00f6rderer Entladen und fertig! Entladung in 3-5 Minuten. Diese Annahmestationen sind ideal f\u00fcr die Umladung von Material, wenn ein schneller Durchfluss von Wagen, die Waren zuliefern, gefragt ist. F\u00fcr alle Materialarten geeignet. &nbsp; Kr\u00e4ftig Bis 700t\/h Bis 50 m3 Praktisch<\/p>\n","protected":false},"author":1,"featured_media":0,"parent":0,"menu_order":0,"comment_status":"closed","ping_status":"closed","template":"","meta":{"slim_seo":{"title":"Annahmef\u00f6rderer - Daiken d.o.o.","description":"Annahmef\u00f6rderer Entladen und fertig! Entladung in 3-5 Minuten. Diese Annahmestationen sind ideal f\u00fcr die Umladung von Material, wenn ein schneller Durchfluss vo"},"footnotes":""},"class_list":["post-767","page","type-page","status-publish","hentry"],"blocksy_meta":[],"_links":{"self":[{"href":"https:\/\/www.daiken.hr\/de\/wp-json\/wp\/v2\/pages\/767","targetHints":{"allow":["GET"]}}],"collection":[{"href":"https:\/\/www.daiken.hr\/de\/wp-json\/wp\/v2\/pages"}],"about":[{"href":"https:\/\/www.daiken.hr\/de\/wp-json\/wp\/v2\/types\/page"}],"author":[{"embeddable":true,"href":"https:\/\/www.daiken.hr\/de\/wp-json\/wp\/v2\/users\/1"}],"replies":[{"embeddable":true,"href":"https:\/\/www.daiken.hr\/de\/wp-json\/wp\/v2\/comments?post=767"}],"version-history":[{"count":1,"href":"https:\/\/www.daiken.hr\/de\/wp-json\/wp\/v2\/pages\/767\/revisions"}],"predecessor-version":[{"id":768,"href":"https:\/\/www.daiken.hr\/de\/wp-json\/wp\/v2\/pages\/767\/revisions\/768"}],"wp:attachment":[{"href":"https:\/\/www.daiken.hr\/de\/wp-json\/wp\/v2\/media?parent=767"}],"curies":[{"name":"wp","href":"https:\/\/api.w.org\/{rel}","templated":true}]}}